{"id":4789,"date":"2021-04-21T07:39:55","date_gmt":"2021-04-21T05:39:55","guid":{"rendered":"https:\/\/www.fibosa.com\/politica-privacidad\/"},"modified":"2025-02-06T09:50:48","modified_gmt":"2025-02-06T08:50:48","slug":"politica-de-privacidade","status":"publish","type":"page","link":"https:\/\/www.fibosa.com\/pt-pt\/politica-de-privacidade\/","title":{"rendered":"Pol\u00edtica de privacidade"},"content":{"rendered":"\t\t<div data-elementor-type=\"wp-page\" data-elementor-id=\"4789\" class=\"elementor elementor-4789 elementor-3\" data-elementor-post-type=\"page\">\n\t\t\t\t\t\t<section data-particle_enable=\"false\" data-particle-mobile-disabled=\"false\" class=\"elementor-section elementor-top-section elementor-element elementor-element-4bb98640 elementor-section-boxed elementor-section-height-default elementor-section-height-default\" data-id=\"4bb98640\" data-element_type=\"section\" data-e-type=\"section\">\n\t\t\t\t\t\t<div class=\"elementor-container elementor-column-gap-default\">\n\t\t\t\t\t<div class=\"elementor-column elementor-col-100 elementor-top-column elementor-element elementor-element-7bb97935\" data-id=\"7bb97935\" data-element_type=\"column\" data-e-type=\"column\">\n\t\t\t<div class=\"elementor-widget-wrap elementor-element-populated\">\n\t\t\t\t\t\t<div class=\"elementor-element elementor-element-5b75b7f elementor-widget elementor-widget-heading\" data-id=\"5b75b7f\" data-element_type=\"widget\" data-e-type=\"widget\" data-widget_type=\"heading.default\">\n\t\t\t\t<div class=\"elementor-widget-container\">\n\t\t\t\t\t<h1 class=\"elementor-heading-title elementor-size-default\">Pol\u00edtica de privacidade<\/h1>\t\t\t\t<\/div>\n\t\t\t\t<\/div>\n\t\t\t\t<div class=\"elementor-element elementor-element-55ef91f8 elementor-widget elementor-widget-text-editor\" data-id=\"55ef91f8\" data-element_type=\"widget\" data-e-type=\"widget\" data-widget_type=\"text-editor.default\">\n\t\t\t\t<div class=\"elementor-widget-container\">\n\t\t\t\t\t\t\t\t\t<p>A CFI-2001 SL est\u00e1 ciente da import\u00e2ncia para os nossos usu\u00e1rios de obter informa\u00e7\u00f5es claras e transparentes sobre o uso que fazemos das informa\u00e7\u00f5es que nos fornecem.<br \/>A rela\u00e7\u00e3o com os nossos utilizadores \u00e9 baseada na honestidade, rigor e transpar\u00eancia para construir rela\u00e7\u00f5es s\u00f3lidas de confian\u00e7a m\u00fatua. Atrav\u00e9s desta Pol\u00edtica de Privacidade, detalhamos como tratamos seus dados pessoais quando se referem a n\u00f3s.<\/p><p>Quando precisarmos obter informa\u00e7\u00f5es suas, sempre pediremos que voc\u00ea as forne\u00e7a expressamente voluntariamente. Os dados fornecidos pelo preenchimento dos formul\u00e1rios do Portal ser\u00e3o incorporados ao sistema de informa\u00e7\u00e3o pelo qual o CFI-2001 SL \u00e9 respons\u00e1vel.<br \/>A legitimidade para o tratamento dos seus dados baseia-se no consentimento livre, espec\u00edfico, informado e inequ\u00edvoco do utilizador, enquanto o informamos disponibilizando n\u00e3o s\u00f3 esta pol\u00edtica de privacidade, para que depois de a ler e em caso de estar de acordo, aceite o tratamento em causa, assinalando a caixa prevista para o efeito, mas inserindo uma primeira camada de informa\u00e7\u00e3o no pr\u00f3prio formul\u00e1rio.<\/p><p><br \/>A CFI-2001 SL tratar\u00e1 os dados de forma confidencial e com o \u00fanico prop\u00f3sito de prestar os servi\u00e7os solicitados, com todas as garantias legais e de seguran\u00e7a impostas pela Lei Org\u00e2nica 3\/2018, de 5 de dezembro, sobre prote\u00e7\u00e3o de dados e Garantia de Direitos Digitais. , Regulamento ( EU) 2016\/679 do Parlamento Europeu e do Conselho, de 27 de abril de 2016 (RGPD) e Lei 34\/2002, de 11 de julho, sobre Servi\u00e7os da Sociedade da Informa\u00e7\u00e3o e Com\u00e9rcio Eletr\u00f4nico.<br \/>A CFI-2001 SL tratar\u00e1 os dados pessoais do utilizador recolhidos atrav\u00e9s da Web, com as seguintes finalidades:<br \/>1. Envio de informa\u00e7\u00f5es solicitadas atrav\u00e9s dos formul\u00e1rios dispon\u00edveis na Web.<br \/>2. Enviar newsletters, bem como comunica\u00e7\u00f5es comerciais e\/ou publicit\u00e1rias da CFI-2001 SL.<br \/>3. Permitir o funcionamento do nosso website, atrav\u00e9s de cookies t\u00e9cnicos e funcionais conforme detalhado na nossa pol\u00edtica de cookies.<\/p><p>Os campos dos referidos registos s\u00e3o obrigat\u00f3rios, sendo imposs\u00edvel realizar as finalidades indicadas se esses dados n\u00e3o forem fornecidos ou fornecidos de forma errada ou incompleta.<br \/>O usu\u00e1rio declara que todas as informa\u00e7\u00f5es fornecidas por ele s\u00e3o verdadeiras e corretas e se compromete a mant\u00ea-las atualizadas, comunicando as altera\u00e7\u00f5es \u00e0 CFI-2001 SL.<br \/>Os dados fornecidos n\u00e3o ser\u00e3o comunicados a terceiros fora da CFI-2001 SL sem a sua expressa aprova\u00e7\u00e3o, salvo obriga\u00e7\u00e3o legal.<br \/>Os dados pessoais fornecidos ser\u00e3o conservados enquanto se mantiver a rela\u00e7\u00e3o comercial e o utilizador n\u00e3o tenha solicitado a sua elimina\u00e7\u00e3o e durante o per\u00edodo em que possam surgir responsabilidades legais.<br \/>O usu\u00e1rio pode, a qualquer momento, revogar o consentimento dado e exercer seus direitos de acesso, retifica\u00e7\u00e3o, limita\u00e7\u00e3o de tratamento, portabilidade, cancelamento e oposi\u00e7\u00e3o por escrito para a sede da CFI-2001 SL localizada na Avda. Mas Pins s\/n , 17457 Riudellots de la Selva (Girona) ou enviando um e-mail para info@fibosa.com devidamente identificado e indicando claramente o direito espec\u00edfico que est\u00e1 sendo exercido.<\/p><p>Em aplica\u00e7\u00e3o do LSSI, CFI-2001 SL n\u00e3o enviar\u00e1 comunica\u00e7\u00f5es publicit\u00e1rias ou promocionais por e-mail ou outro meio de comunica\u00e7\u00e3o eletr\u00f4nico equivalente que n\u00e3o tenham sido previamente solicitados ou expressamente autorizados pelos destinat\u00e1rios. Consequentemente, em cada um dos formul\u00e1rios da Web, o utilizador tem a possibilidade de dar o seu consentimento expresso para receber newsletters, independentemente da informa\u00e7\u00e3o solicitada antecipadamente.<br \/>A CFI-2001 SL adota as medidas necess\u00e1rias para garantir a seguran\u00e7a, integridade e confidencialidade dos dados de acordo com o disposto na Lei Org\u00e2nica 03\/2018 e outros regulamentos aplic\u00e1veis. No entanto, n\u00e3o assume qualquer responsabilidade por danos derivados de altera\u00e7\u00f5es que terceiros possam causar nos sistemas inform\u00e1ticos, documentos eletr\u00f4nicos ou formularios do utilizador.<br \/>A utiliza\u00e7\u00e3o de cookies atrav\u00e9s do portal ser\u00e1 regida pelas disposi\u00e7\u00f5es da nossa Pol\u00edtica de Cookies, sempre acess\u00edvel a partir do Portal.<br \/>Quaisquer altera\u00e7\u00f5es que possamos introduzir no futuro em nossa pol\u00edtica de privacidade ser\u00e3o comunicadas nesta p\u00e1gina. Dessa forma, voc\u00ea pode verificar regularmente se h\u00e1 atualiza\u00e7\u00f5es ou altera\u00e7\u00f5es em nossa pol\u00edtica de privacidade.<\/p><p>Em caso de diverg\u00eancias com a CFI-2001 SL em rela\u00e7\u00e3o ao tratamento de seus dados, pode-se apresentar uma reclama\u00e7\u00e3o junto a Ag\u00eancia Espanhola de Prote\u00e7\u00e3o de Dados na sua sede eletr\u00f4nica (ww.aepd.es)<br \/>A legisla\u00e7\u00e3o espanhola ser\u00e1 aplicada a todos os lit\u00edgios que afetem este site, sendo competentes os tribunais correspondentes.<\/p>\t\t\t\t\t\t\t\t<\/div>\n\t\t\t\t<\/div>\n\t\t\t\t\t<\/div>\n\t\t<\/div>\n\t\t\t\t\t<\/div>\n\t\t<\/section>\n\t\t\t\t<\/div>\n\t\t","protected":false},"excerpt":{"rendered":"<p>Pol\u00edtica de privacidade A CFI-2001 SL est\u00e1 ciente da import\u00e2ncia para os nossos usu\u00e1rios de obter informa\u00e7\u00f5es claras e transparentes sobre o uso que fazemos das informa\u00e7\u00f5es que nos fornecem.A rela\u00e7\u00e3o com os nossos utilizadores \u00e9 baseada na honestidade, rigor e transpar\u00eancia para construir rela\u00e7\u00f5es s\u00f3lidas de confian\u00e7a m\u00fatua. Atrav\u00e9s desta Pol\u00edtica de Privacidade, detalhamos&hellip;&nbsp;<a href=\"https:\/\/www.fibosa.com\/pt-pt\/politica-de-privacidade\/\" class=\"\" rel=\"bookmark\">Ler mais &raquo;<span class=\"screen-reader-text\">Pol\u00edtica de privacidade<\/span><\/a><\/p>\n","protected":false},"author":1,"featured_media":0,"parent":0,"menu_order":0,"comment_status":"closed","ping_status":"open","template":"elementor_header_footer","meta":{"_acf_changed":false,"neve_meta_sidebar":"","neve_meta_container":"","neve_meta_enable_content_width":"off","neve_meta_content_width":100,"neve_meta_title_alignment":"","neve_meta_author_avatar":"","neve_post_elements_order":"","neve_meta_disable_header":"","neve_meta_disable_footer":"","neve_meta_disable_title":"","footnotes":""},"class_list":["post-4789","page","type-page","status-publish","hentry"],"acf":[],"_links":{"self":[{"href":"https:\/\/www.fibosa.com\/pt-pt\/wp-json\/wp\/v2\/pages\/4789","targetHints":{"allow":["GET"]}}],"collection":[{"href":"https:\/\/www.fibosa.com\/pt-pt\/wp-json\/wp\/v2\/pages"}],"about":[{"href":"https:\/\/www.fibosa.com\/pt-pt\/wp-json\/wp\/v2\/types\/page"}],"author":[{"embeddable":true,"href":"https:\/\/www.fibosa.com\/pt-pt\/wp-json\/wp\/v2\/users\/1"}],"replies":[{"embeddable":true,"href":"https:\/\/www.fibosa.com\/pt-pt\/wp-json\/wp\/v2\/comments?post=4789"}],"version-history":[{"count":9,"href":"https:\/\/www.fibosa.com\/pt-pt\/wp-json\/wp\/v2\/pages\/4789\/revisions"}],"predecessor-version":[{"id":12247,"href":"https:\/\/www.fibosa.com\/pt-pt\/wp-json\/wp\/v2\/pages\/4789\/revisions\/12247"}],"wp:attachment":[{"href":"https:\/\/www.fibosa.com\/pt-pt\/wp-json\/wp\/v2\/media?parent=4789"}],"curies":[{"name":"wp","href":"https:\/\/api.w.org\/{rel}","templated":true}]}}