{"id":4511,"date":"2022-02-28T15:14:14","date_gmt":"2022-02-28T14:14:14","guid":{"rendered":"https:\/\/www.fibosa.com\/recepcion-y-tratamiento-de-leche\/"},"modified":"2025-01-07T16:44:55","modified_gmt":"2025-01-07T15:44:55","slug":"ricevimento-e-trattamento-del-latte","status":"publish","type":"page","link":"https:\/\/www.fibosa.com\/it\/ricevimento-e-trattamento-del-latte\/","title":{"rendered":"Ricevimento e trattamento del latte"},"content":{"rendered":"\t\t<div data-elementor-type=\"wp-page\" data-elementor-id=\"4511\" class=\"elementor elementor-4511 elementor-507\" data-elementor-post-type=\"page\">\n\t\t\t\t\t\t<section data-particle_enable=\"false\" data-particle-mobile-disabled=\"false\" data-dce-background-overlay-color=\"#F2F3F1\" class=\"elementor-section elementor-top-section elementor-element elementor-element-a876d36 elementor-section-full_width elementor-section-height-min-height elementor-section-items-stretch elementor-section-height-default\" data-id=\"a876d36\" data-element_type=\"section\" data-e-type=\"section\">\n\t\t\t\t\t\t\t<div class=\"elementor-background-overlay\"><\/div>\n\t\t\t\t\t\t\t<div class=\"elementor-container elementor-column-gap-default\">\n\t\t\t\t\t<div class=\"elementor-column elementor-col-50 elementor-top-column elementor-element elementor-element-91b17fe\" data-id=\"91b17fe\" data-element_type=\"column\" data-e-type=\"column\">\n\t\t\t<div class=\"elementor-widget-wrap elementor-element-populated\">\n\t\t\t\t\t\t<div class=\"elementor-element elementor-element-d2e17bd elementor-invisible elementor-widget elementor-widget-heading\" data-id=\"d2e17bd\" data-element_type=\"widget\" data-e-type=\"widget\" data-settings=\"{&quot;_animation&quot;:&quot;fadeInUp&quot;}\" data-widget_type=\"heading.default\">\n\t\t\t\t<div class=\"elementor-widget-container\">\n\t\t\t\t\t<h1 class=\"elementor-heading-title elementor-size-default\">Ricezione e trattamento del latte<\/h1>\t\t\t\t<\/div>\n\t\t\t\t<\/div>\n\t\t\t\t<div class=\"elementor-element elementor-element-1e29cc6 elementor-invisible elementor-widget elementor-widget-text-editor\" data-id=\"1e29cc6\" data-element_type=\"widget\" data-e-type=\"widget\" data-settings=\"{&quot;_animation&quot;:&quot;fadeInUp&quot;}\" data-widget_type=\"text-editor.default\">\n\t\t\t\t<div class=\"elementor-widget-container\">\n\t\t\t\t\t\t\t\t\t<div class=\"col-sm-6\"><p>La corretta ricezione e pretrattamento del latte \u00e8 un punto di vitale importanza in qualsiasi stabilimento caseario, poich\u00e9 garantisce la conservazione e la qualit\u00e0 della materia prima in condizioni igienico-sanitarie ottimali.<\/p><p>Gli elementi essenziali che compongono le linee di ricezione del latte sono raggruppati in un impianto monoblocco automatizzato, con l&#8217;insieme delle attrezzature e degli elementi necessari per il trasporto, la disaerazione, la filtrazione, la misurazione e il raffreddamento del latte ricevuto in stabilimento.<\/p><p>FIBOSA dispone di un&#8217;ampia variet\u00e0 di macchine, offrendo componenti e attrezzature dei principali marchi internazionali in base alle esigenze del cliente.<\/p><\/div>\t\t\t\t\t\t\t\t<\/div>\n\t\t\t\t<\/div>\n\t\t\t\t<div data-dce-background-color=\"#97904C00\" class=\"elementor-element elementor-element-685c01d elementor-invisible elementor-widget elementor-widget-button\" data-id=\"685c01d\" data-element_type=\"widget\" data-e-type=\"widget\" data-settings=\"{&quot;_animation&quot;:&quot;fadeInUp&quot;}\" data-widget_type=\"button.default\">\n\t\t\t\t<div class=\"elementor-widget-container\">\n\t\t\t\t\t\t\t\t\t<div class=\"elementor-button-wrapper\">\n\t\t\t\t\t<a class=\"elementor-button elementor-button-link elementor-size-sm\" href=\"http:\/\/www.fibosa.com\/it\/contatto\/\">\n\t\t\t\t\t\t<span class=\"elementor-button-content-wrapper\">\n\t\t\t\t\t\t\t\t\t<span class=\"elementor-button-text\">Maggiori informazioni<\/span>\n\t\t\t\t\t<\/span>\n\t\t\t\t\t<\/a>\n\t\t\t\t<\/div>\n\t\t\t\t\t\t\t\t<\/div>\n\t\t\t\t<\/div>\n\t\t\t\t\t<\/div>\n\t\t<\/div>\n\t\t\t\t<div class=\"elementor-column elementor-col-50 elementor-top-column elementor-element elementor-element-1126d08 elementor-invisible\" data-id=\"1126d08\" data-element_type=\"column\" data-e-type=\"column\" data-settings=\"{&quot;background_background&quot;:&quot;classic&quot;,&quot;animation&quot;:&quot;fadeInUp&quot;}\">\n\t\t\t<div class=\"elementor-widget-wrap elementor-element-populated\">\n\t\t\t\t\t\t<div class=\"elementor-element elementor-element-feebc27 elementor-arrows-position-inside elementor-pagination-position-outside elementor-widget elementor-widget-image-carousel\" data-id=\"feebc27\" data-element_type=\"widget\" data-e-type=\"widget\" data-settings=\"{&quot;slides_to_show&quot;:&quot;1&quot;,&quot;navigation&quot;:&quot;both&quot;,&quot;autoplay&quot;:&quot;yes&quot;,&quot;pause_on_hover&quot;:&quot;yes&quot;,&quot;pause_on_interaction&quot;:&quot;yes&quot;,&quot;autoplay_speed&quot;:5000,&quot;infinite&quot;:&quot;yes&quot;,&quot;effect&quot;:&quot;slide&quot;,&quot;speed&quot;:500}\" data-widget_type=\"image-carousel.default\">\n\t\t\t\t<div class=\"elementor-widget-container\">\n\t\t\t\t\t\t\t<div class=\"elementor-image-carousel-wrapper swiper\" role=\"region\" aria-roledescription=\"carousel\" aria-label=\"Carosello d&#039;immagini\" dir=\"ltr\">\n\t\t\t<div class=\"elementor-image-carousel swiper-wrapper swiper-image-stretch\" aria-live=\"off\">\n\t\t\t\t\t\t\t\t<div class=\"swiper-slide\" role=\"group\" aria-roledescription=\"slide\" aria-label=\"1 di 4\"><figure class=\"swiper-slide-inner\"><img decoding=\"async\" class=\"swiper-slide-image\" src=\"https:\/\/www.fibosa.com\/wp-content\/uploads\/elementor\/thumbs\/R_T_3-pm8eat2t6ho9goza9i6xrix4axh6odqye3714k2r0g.jpg\" alt=\"R_T_3\" \/><\/figure><\/div><div class=\"swiper-slide\" role=\"group\" aria-roledescription=\"slide\" aria-label=\"2 di 4\"><figure class=\"swiper-slide-inner\"><img decoding=\"async\" class=\"swiper-slide-image\" src=\"https:\/\/www.fibosa.com\/wp-content\/uploads\/elementor\/thumbs\/01_01_TRATAMIENTO_WEB-pso4hqxdvznuzqyol0pb434turnab14h2u01je6udc.jpg\" alt=\"01_01_TRATAMIENTO_WEB\" \/><\/figure><\/div><div class=\"swiper-slide\" role=\"group\" aria-roledescription=\"slide\" aria-label=\"3 di 4\"><figure class=\"swiper-slide-inner\"><img decoding=\"async\" class=\"swiper-slide-image\" src=\"https:\/\/www.fibosa.com\/wp-content\/uploads\/elementor\/thumbs\/01_02_TRATAMIENTO_WEB-pspioxepn1k0m9xlx6l7z1uphwab9li4vjl3x2nzgg.jpg\" alt=\"01_02_TRATAMIENTO_WEB\" \/><\/figure><\/div><div class=\"swiper-slide\" role=\"group\" aria-roledescription=\"slide\" aria-label=\"4 di 4\"><figure class=\"swiper-slide-inner\"><img decoding=\"async\" class=\"swiper-slide-image\" src=\"https:\/\/www.fibosa.com\/wp-content\/uploads\/elementor\/thumbs\/R_T_4-pm8eauyhk5qu3wwjyj06wig1hp7x3ryf2ci033zyo0.jpg\" alt=\"R_T_4\" \/><\/figure><\/div>\t\t\t<\/div>\n\t\t\t\t\t\t\t\t\t\t\t\t<div class=\"elementor-swiper-button elementor-swiper-button-prev\" role=\"button\" tabindex=\"0\">\n\t\t\t\t\t\t<i aria-hidden=\"true\" class=\"eicon-chevron-left\"><\/i>\t\t\t\t\t<\/div>\n\t\t\t\t\t<div class=\"elementor-swiper-button elementor-swiper-button-next\" role=\"button\" tabindex=\"0\">\n\t\t\t\t\t\t<i aria-hidden=\"true\" class=\"eicon-chevron-right\"><\/i>\t\t\t\t\t<\/div>\n\t\t\t\t\n\t\t\t\t\t\t\t\t\t<div class=\"swiper-pagination\"><\/div>\n\t\t\t\t\t\t\t\t\t<\/div>\n\t\t\t\t\t\t<\/div>\n\t\t\t\t<\/div>\n\t\t\t\t\t<\/div>\n\t\t<\/div>\n\t\t\t\t\t<\/div>\n\t\t<\/section>\n\t\t\t\t<\/div>\n\t\t","protected":false},"excerpt":{"rendered":"<p>Ricezione e trattamento del latte La corretta ricezione e pretrattamento del latte \u00e8 un punto di vitale importanza in qualsiasi stabilimento caseario, poich\u00e9 garantisce la conservazione e la qualit\u00e0 della materia prima in condizioni igienico-sanitarie ottimali. Gli elementi essenziali che compongono le linee di ricezione del latte sono raggruppati in un impianto monoblocco automatizzato, con&hellip;&nbsp;<a href=\"https:\/\/www.fibosa.com\/it\/ricevimento-e-trattamento-del-latte\/\" class=\"\" rel=\"bookmark\">Leggi tutto &raquo;<span class=\"screen-reader-text\">Ricevimento e trattamento del latte<\/span><\/a><\/p>\n","protected":false},"author":1,"featured_media":0,"parent":0,"menu_order":0,"comment_status":"closed","ping_status":"closed","template":"page-templates\/template-pagebuilder-full-width.php","meta":{"_acf_changed":false,"neve_meta_sidebar":"","neve_meta_container":"","neve_meta_enable_content_width":"off","neve_meta_content_width":100,"neve_meta_title_alignment":"","neve_meta_author_avatar":"","neve_post_elements_order":"","neve_meta_disable_header":"","neve_meta_disable_footer":"","neve_meta_disable_title":"","footnotes":""},"class_list":["post-4511","page","type-page","status-publish","hentry"],"acf":[],"_links":{"self":[{"href":"https:\/\/www.fibosa.com\/it\/wp-json\/wp\/v2\/pages\/4511","targetHints":{"allow":["GET"]}}],"collection":[{"href":"https:\/\/www.fibosa.com\/it\/wp-json\/wp\/v2\/pages"}],"about":[{"href":"https:\/\/www.fibosa.com\/it\/wp-json\/wp\/v2\/types\/page"}],"author":[{"embeddable":true,"href":"https:\/\/www.fibosa.com\/it\/wp-json\/wp\/v2\/users\/1"}],"replies":[{"embeddable":true,"href":"https:\/\/www.fibosa.com\/it\/wp-json\/wp\/v2\/comments?post=4511"}],"version-history":[{"count":26,"href":"https:\/\/www.fibosa.com\/it\/wp-json\/wp\/v2\/pages\/4511\/revisions"}],"predecessor-version":[{"id":11379,"href":"https:\/\/www.fibosa.com\/it\/wp-json\/wp\/v2\/pages\/4511\/revisions\/11379"}],"wp:attachment":[{"href":"https:\/\/www.fibosa.com\/it\/wp-json\/wp\/v2\/media?parent=4511"}],"curies":[{"name":"wp","href":"https:\/\/api.w.org\/{rel}","templated":true}]}}