{"id":4478,"date":"2021-04-21T08:42:48","date_gmt":"2021-04-21T06:42:48","guid":{"rendered":"https:\/\/www.fibosa.com\/aviso-legal\/"},"modified":"2025-03-26T18:20:52","modified_gmt":"2025-03-26T17:20:52","slug":"avviso-legale","status":"publish","type":"page","link":"https:\/\/www.fibosa.com\/it\/avviso-legale\/","title":{"rendered":"Avviso Legale Fibosa \u2013 Termini, Condizioni e Normativa Legale."},"content":{"rendered":"\t\t<div data-elementor-type=\"wp-page\" data-elementor-id=\"4478\" class=\"elementor elementor-4478 elementor-56\" data-elementor-post-type=\"page\">\n\t\t\t\t\t\t<section data-particle_enable=\"false\" data-particle-mobile-disabled=\"false\" class=\"elementor-section elementor-top-section elementor-element elementor-element-55d8907 elementor-section-boxed elementor-section-height-default elementor-section-height-default\" data-id=\"55d8907\" data-element_type=\"section\" data-e-type=\"section\">\n\t\t\t\t\t\t<div class=\"elementor-container elementor-column-gap-default\">\n\t\t\t\t\t<div class=\"elementor-column elementor-col-100 elementor-top-column elementor-element elementor-element-ef7b029\" data-id=\"ef7b029\" data-element_type=\"column\" data-e-type=\"column\">\n\t\t\t<div class=\"elementor-widget-wrap elementor-element-populated\">\n\t\t\t\t\t\t<div class=\"elementor-element elementor-element-4d1792f elementor-widget elementor-widget-heading\" data-id=\"4d1792f\" data-element_type=\"widget\" data-e-type=\"widget\" data-widget_type=\"heading.default\">\n\t\t\t\t<div class=\"elementor-widget-container\">\n\t\t\t\t\t<h1 class=\"elementor-heading-title elementor-size-default\">Avviso Legale<\/h1>\t\t\t\t<\/div>\n\t\t\t\t<\/div>\n\t\t\t\t<div class=\"elementor-element elementor-element-f20cf40 elementor-widget elementor-widget-text-editor\" data-id=\"f20cf40\" data-element_type=\"widget\" data-e-type=\"widget\" data-widget_type=\"text-editor.default\">\n\t\t\t\t<div class=\"elementor-widget-container\">\n\t\t\t\t\t\t\t\t\t<p><strong>CONDIZIONI D\u2019USO<\/strong><\/p><p>Il presente avviso legale regola l\u2019uso del sito web www.fibosa.com, il cui Titolare \u00e8 CF1-2001 SL.<br \/>Ai fini delle presenti condizioni di utilizzo per Utente si intende il soggetto che fruisce dei servizi offerti dal sito www.fibosa.com, sia qualora si limitasse alla consultazione delle informazioni ivi inserite sia qualora procedesse all\u2019utilizzo delle aree riservate.<br \/>La fruizione del sito \u00e8 regolato dal presente Avviso Legale, la cui accettazione costituisce un accordo tra l\u2019Utente e il Titolare ed \u00e8 prestata con il mero fatto della navigazione nelle pagine Web.<br \/>Il Titolare si riserva di apportare in qualsiasi momento modifiche anche sostanziali alle presenti condizioni di utilizzo, mettendone a conoscenza l\u2019Utente mediante pubblicazione nel Sito. L\u2019accesso successivo alla modifica comporta la completa accettazione da parte dell\u2019Utente delle nuove condizioni di utilizzo.<\/p><p><strong>IDENTIFICAZIONE E COMUNICAZIONI<\/strong><\/p><p>Il Titolare del sito Web ai sensi della Legge 34\/2002, dell&#8217;11 luglio, sui Servizi della Societ\u00e0 dell&#8217;Informazione e del Commercio Elettronico (LSSICE), La informa che:<br \/>La sua denominazione sociale \u00e8: CFI-2001 SL<br \/>SL<br \/>Il suo nome commerciale \u00e8: FIBOSA<br \/>P.I.: B17701194 <br \/>Sede legale in Avda. Mas Pins, s\/n, 17457, Riudellots de la Selva (Girona), Spagna.<br \/>Per comunicare con noi, questi sono seguenti contatti:<br \/>Telefono: (+34) 972 47 80 80 <br \/>@mail: info@fibosa.com<br \/>Tutte le notifiche e le comunicazioni tra gli utenti e il titolare del Sito saranno considerate efficaci, a tutti gli effetti, quando effettuate tramite posta ordinaria o con qualsiasi altro mezzo sopra indicato.<\/p><p><strong>CONDIZIONI DI ACCESSO E D\u2019USO<\/strong><\/p><p>Il sito Web e i suoi servizi sono di libero accesso, tuttavia, il Titolare del sito Web pu\u00f2 condizionare l&#8217;utilizzo di alcuni dei servizi offerti alla previa compilazione del modulo corrispondente, previa lettura e piena accettazione, espressa e senza riserve del presente Avviso Legale e dell&#8217;Informativa sulla Privacy.<br \/>L&#8217;utente garantisce l&#8217;autenticit\u00e0 e l\u2019attualizzazione di tutti i dati comunicati al Titolare del Web e sar\u00e0 l&#8217;unico responsabile di eventuali dichiarazioni false o inesatte.<br \/>Se l&#8217;utente non fosse d&#8217;accordo con le condizioni d&#8217;uso, deve astenersi dall&#8217;utilizzare questo sito Web e operare attraverso di esso.<br \/>L&#8217;utente si impegna a fare un uso corretto e lecito dei contenuti e servizi del sito Web e a non utilizzarli, tra l&#8217;altro per:<\/p><ul><li>a) Diffusione di contenuti illegali, violenti, pornografici, razzisti, xenofobi, offensivi, di propaganda del terrorismo o, in generale, contrari alla legge, al buon costume e all&#8217;ordine pubblico.<\/li><li>b) Introdurre virus informatici nella rete o compiere azioni che possano alterare, danneggiare, interrompere o generare errori o danni ai sistemi fisici e logici del titolare del Sito o di terzi, nonch\u00e9 ostacolare l&#8217;accesso al sito e ai suoi servizi di altri utenti attraverso il massiccio consumo di risorse informatiche attraverso le quali il proprietario del Web fornisce i propri servizi.<\/li><li>c) La raccolta e\/o l&#8217;utilizzo di dati personali di altri utenti senza il loro espresso consenso o in violazione di quanto previsto dalla normativa vigente in materia di protezione dei dati.<\/li><li>d) Violare i diritti di propriet\u00e0 intellettuale o industriale, nonch\u00e9 violare la riservatezza delle informazioni del titolare del sito Web o di terzi.<\/li><li>e) Impersonare\/rubare l&#8217;identit\u00e0 di un altro utente, delle pubbliche amministrazioni o di terzi.<\/li><li>f) \u00c8 vietato qualsiasi atto di trasmissione, distribuzione, cessione, modifica, riproduzione, memorizzazione o comunicazione pubblica totale o parziale dei contenuti del sito Web che non sia stato espressamente autorizzato dal titolare o sia legalmente consentito.<\/li><li>g) L&#8217;uso del server di posta e degli indirizzi e-mail del dominio per l&#8217;invio masivo di posta elettronica non autorizzata.<\/li><li>h) L&#8217;utente deve astenersi dal rendere dichiarazioni o indicazioni false o inesatte sul titolare del Web o includere contenuti illegali contrari al buon costume e all&#8217;ordine pubblico.<\/li><\/ul><p>L&#8217;introduzione di un collegamento ipertestuale non implica in nessun caso l&#8217;esistenza di rapporti tra il titolare del Web e il titolare della pagina Web in cui viene inserito, n\u00e9 l&#8217;accettazione e l&#8217;approvazione da parte del titolare del Web dei suoi contenuti o servizi. Coloro che vogliono stabilire un collegamento ipertestuale devono preventivamente richiedere l&#8217;autorizzazione scritta al titolare del sito Web. In ogni caso, il collegamento ipertestuale consentir\u00e0 solo l&#8217;accesso alla home page o pagina d\u2019inizio della Web.<br \/>CFI-2001 SL non sar\u00e0 responsabile del contenuto delle pagine web altrui, collegate tramite link sul sito Web n\u00e9 di violazioni dei diritti di terzi in cui potrebbero incorrere in tali pagine.<\/p><p><strong>PROPRIET\u00c0 INDUSTRIALE E INTELLETTUALE<\/strong><\/p><p>Tutti i contenuti inseriti nel sito Web ed in particolare i brand, i nomi commerciali, disegni industriali, i testi, le fotografie, le grafiche, i loghi, le icone, software o qualsiasi altro s\u00edmbolo di uso industriale e commerciale sono protetti dai diritti di propriet\u00e0 industriale e intellettuale di CFI-2001 SL o di terzi titolari delle stesse che ne hanno autorizzato il loro inserimento nel sito Web. Pertanto, \u00e8 vietato qualsiasi utilizzo e\/o riproduzione senza l&#8217;espresso consenso di CFI-2001 SL.<br \/>CFI-2001 SL non sar\u00e0 responsabile per la violazione dei diritti di propriet\u00e0 intellettuale o industriale di terzi che possa derivare dall&#8217;inserimento nel sito Web di marchi, nomi commerciali, disegni industriali, testi, fotografie, grafiche, loghi, icone o software appartenenti a terzi che hanno dichiarato di esserne titolari al momento dell&#8217;inserimento nel nostro sito Web.<br \/>In nessun caso si considera che l&#8217;accesso e la navigazione dell&#8217;Utente implichi un&#8217;autorizzazione o che vi sia rinuncia, trasmissione, trasferimento totale o parziale di detti diritti o concessione di qualsiasi diritto o aspettativa di diritto e, in particolare, di alterazione , trasformazione, sfruttamento, riproduzione, distribuzione o comunicazione pubblica di detti contenuti senza la preventiva autorizzazione espressa del titolare del sito Web o dei relativi titolari.<\/p><p><strong>ESONERO DI GARANZIE E RESPONSABILIT\u00c0<\/strong><\/p><p>Il titolare del sito Web \u00e8 esonerato, nella misura consentita dalla legge, da ogni responsabilit\u00e0 per danni di qualsiasi natura derivanti da:<\/p><ul><li>a) L&#8217;impossibilit\u00e0 di acesso al sito Web.<\/li><li>b) La mancanza di veridicit\u00e0, accuratezza, completezza e\/o attualizzazione dei contenuti a cui si \u00e8 avuto accesso tramite il sito Web, nonch\u00e9 l&#8217;esistenza di vizi e difetti negli stessi.<\/li><li>c) La presenza di virus o altri elementi nei contenuti che possono causare alterazioni nei sistemi informatici, nei documenti elettronici o nei dati dell&#8217;utente.<\/li><li>d) Il mancato rispetto della legge, della buona fede, dell&#8217;ordine pubblico, degli usi del traffico e del presente Avviso Legale, a seguito di un uso non corretto del sito web. In particolare e a titolo esemplificativo, il titolare del Sito non \u00e8 responsabile per le azioni di terzi che violino diritti di propriet\u00e0 intellettuale e industriale, segreti aziendali, diritti all&#8217;onore, privacy personale e familiare e alla propia immagine, nonch\u00e9 alla normativa in materia di concorrenza sleale e pubblicit\u00e0 illecita.<\/li><li>e) CF1-2001 SL non \u00e8 responsabile della creazione di collegamenti ipertestuali da parte di terzi. Declina ogni responsabilit\u00e0 in merito alle informazioni che sono al di fuori di questo sito e non sono gestite direttamente dal suo webmaster. La funzione dei link che compaiono sul Web \u00e8 esclusivamente quella di informare l&#8217;utente dell&#8217;esistenza di altre fonti che potrebbero ampliare i contenuti offerti. Il titolare del sito Web non garantisce n\u00e9 \u00e8 responsabile del funzionamento o dell&#8217;accesso ai siti collegati, n\u00e9 suggerisce, invita o consiglia una visita agli stessi, pertanto non sar\u00e0 responsabile dei risultati ottenuti.<\/li><\/ul><p><strong>\u00a0<\/strong><\/p><p><strong>PUBBLICAZIONI<\/strong><\/p><p>Le informazioni che sono qui pubblicate devono essere intese come indicazioni senza validit\u00e0 giuridica e non sostituiscono la pubblicit\u00e0 legale delle leggi, delle norme, dei piani, delle disposizioni generali e degli atti che devono essere formalmente pubblicati nei bollettini ufficiali delle Pubbliche Amministrazioni e che rappresentano l&#8217;unico strumento che ne attesta l&#8217;autenticit\u00e0 e il contenuto.<\/p>\t\t\t\t\t\t\t\t<\/div>\n\t\t\t\t<\/div>\n\t\t\t\t\t<\/div>\n\t\t<\/div>\n\t\t\t\t\t<\/div>\n\t\t<\/section>\n\t\t\t\t<\/div>\n\t\t","protected":false},"excerpt":{"rendered":"<p>Avviso Legale CONDIZIONI D\u2019USO Il presente avviso legale regola l\u2019uso del sito web www.fibosa.com, il cui Titolare \u00e8 CF1-2001 SL. Ai fini delle presenti condizioni di utilizzo per Utente si intende il soggetto che fruisce dei servizi offerti dal sito www.fibosa.com, sia qualora si limitasse alla consultazione delle informazioni ivi inserite sia qualora procedesse all\u2019utilizzo&hellip;&nbsp;<a href=\"https:\/\/www.fibosa.com\/it\/avviso-legale\/\" class=\"\" rel=\"bookmark\">Leggi tutto &raquo;<span class=\"screen-reader-text\">Avviso Legale Fibosa \u2013 Termini, Condizioni e Normativa Legale.<\/span><\/a><\/p>\n","protected":false},"author":1,"featured_media":0,"parent":0,"menu_order":0,"comment_status":"closed","ping_status":"closed","template":"elementor_header_footer","meta":{"_acf_changed":false,"neve_meta_sidebar":"","neve_meta_container":"","neve_meta_enable_content_width":"off","neve_meta_content_width":100,"neve_meta_title_alignment":"","neve_meta_author_avatar":"","neve_post_elements_order":"","neve_meta_disable_header":"","neve_meta_disable_footer":"","neve_meta_disable_title":"","footnotes":""},"class_list":["post-4478","page","type-page","status-publish","hentry"],"acf":[],"_links":{"self":[{"href":"https:\/\/www.fibosa.com\/it\/wp-json\/wp\/v2\/pages\/4478","targetHints":{"allow":["GET"]}}],"collection":[{"href":"https:\/\/www.fibosa.com\/it\/wp-json\/wp\/v2\/pages"}],"about":[{"href":"https:\/\/www.fibosa.com\/it\/wp-json\/wp\/v2\/types\/page"}],"author":[{"embeddable":true,"href":"https:\/\/www.fibosa.com\/it\/wp-json\/wp\/v2\/users\/1"}],"replies":[{"embeddable":true,"href":"https:\/\/www.fibosa.com\/it\/wp-json\/wp\/v2\/comments?post=4478"}],"version-history":[{"count":37,"href":"https:\/\/www.fibosa.com\/it\/wp-json\/wp\/v2\/pages\/4478\/revisions"}],"predecessor-version":[{"id":12683,"href":"https:\/\/www.fibosa.com\/it\/wp-json\/wp\/v2\/pages\/4478\/revisions\/12683"}],"wp:attachment":[{"href":"https:\/\/www.fibosa.com\/it\/wp-json\/wp\/v2\/media?parent=4478"}],"curies":[{"name":"wp","href":"https:\/\/api.w.org\/{rel}","templated":true}]}}