{"id":4216,"date":"2021-04-21T07:39:55","date_gmt":"2021-04-21T05:39:55","guid":{"rendered":"https:\/\/www.fibosa.com\/politica-privacidad\/"},"modified":"2025-02-06T09:47:54","modified_gmt":"2025-02-06T08:47:54","slug":"politique-de-confidentialite","status":"publish","type":"page","link":"https:\/\/www.fibosa.com\/fr\/politique-de-confidentialite\/","title":{"rendered":"Politique de confidentialit\u00e9"},"content":{"rendered":"\t\t<div data-elementor-type=\"wp-page\" data-elementor-id=\"4216\" class=\"elementor elementor-4216 elementor-3\" data-elementor-post-type=\"page\">\n\t\t\t\t\t\t<section data-particle_enable=\"false\" data-particle-mobile-disabled=\"false\" class=\"elementor-section elementor-top-section elementor-element elementor-element-4bb98640 elementor-section-boxed elementor-section-height-default elementor-section-height-default\" data-id=\"4bb98640\" data-element_type=\"section\" data-e-type=\"section\">\n\t\t\t\t\t\t<div class=\"elementor-container elementor-column-gap-default\">\n\t\t\t\t\t<div class=\"elementor-column elementor-col-100 elementor-top-column elementor-element elementor-element-7bb97935\" data-id=\"7bb97935\" data-element_type=\"column\" data-e-type=\"column\">\n\t\t\t<div class=\"elementor-widget-wrap elementor-element-populated\">\n\t\t\t\t\t\t<div class=\"elementor-element elementor-element-5b75b7f elementor-widget elementor-widget-heading\" data-id=\"5b75b7f\" data-element_type=\"widget\" data-e-type=\"widget\" data-widget_type=\"heading.default\">\n\t\t\t\t<div class=\"elementor-widget-container\">\n\t\t\t\t\t<h1 class=\"elementor-heading-title elementor-size-default\">Pol\u00edtica de privacidad<\/h1>\t\t\t\t<\/div>\n\t\t\t\t<\/div>\n\t\t\t\t<div class=\"elementor-element elementor-element-55ef91f8 elementor-widget elementor-widget-text-editor\" data-id=\"55ef91f8\" data-element_type=\"widget\" data-e-type=\"widget\" data-widget_type=\"text-editor.default\">\n\t\t\t\t<div class=\"elementor-widget-container\">\n\t\t\t\t\t\t\t\t\t<p>CFI-2001 SL est conscient de l&rsquo;importance pour nos utilisateurs d&rsquo;obtenir des informations claires et transparentes sur l&rsquo;utilisation que nous faisons des informations qu&rsquo;ils nous fournissent.<br \/>La relation avec nos utilisateurs est bas\u00e9e sur l&rsquo;honn\u00eatet\u00e9, la rigueur et la transparence afin de construire des relations solides de confiance mutuelle. Par le biais de cette politique de confidentialit\u00e9, nous d\u00e9taillons la mani\u00e8re dont nous traitons vos donn\u00e9es personnelles lorsque vous interagissez avec nous.<br \/>Lorsque nous devons obtenir des informations de votre part, nous vous demanderons toujours de les fournir volontairement et express\u00e9ment. Les donn\u00e9es fournies en remplissant les formulaires du portail seront int\u00e9gr\u00e9es dans le syst\u00e8me d&rsquo;information dont CFI-2001 SL est responsable.<br \/>La l\u00e9gitimit\u00e9 du traitement de vos donn\u00e9es repose sur le consentement libre, sp\u00e9cifique, \u00e9clair\u00e9 et sans \u00e9quivoque de l&rsquo;utilisateur, de sorte que nous vous informons en mettant \u00e0 votre disposition non seulement la pr\u00e9sente politique de confidentialit\u00e9, de sorte qu&rsquo;apr\u00e8s l&rsquo;avoir lue et si vous \u00eates d&rsquo;accord, vous acceptez en cochant la case pr\u00e9vue \u00e0 cet effet le traitement en question, mais avec l&rsquo;inclusion d&rsquo;une premi\u00e8re couche d&rsquo;information sur le formulaire lui-m\u00eame.<\/p><p>CFI-2001 SL traitera les donn\u00e9es de mani\u00e8re confidentielle et dans le seul but de fournir les services demand\u00e9s, avec toutes les garanties l\u00e9gales et de s\u00e9curit\u00e9 impos\u00e9es par la loi organique 3\/2018, du 5 d\u00e9cembre, sur la protection des donn\u00e9es et la garantie des droits num\u00e9riques, le r\u00e8glement (UE) 2016\/679 du Parlement europ\u00e9en et du Conseil, du 27 avril 2016 (RGPD) et la loi 34\/2002, du 11 juillet, sur les services de la soci\u00e9t\u00e9 de l&rsquo;information et le commerce \u00e9lectronique.<br \/>CFI-2001 SL traitera les donn\u00e9es personnelles de l&rsquo;utilisateur recueillies par le biais du site Web aux fins suivantes:<br \/>1. Envoi des informations demand\u00e9es par le biais des formulaires fournis sur le Web.<br \/>2. l&rsquo;envoi de bulletins d&rsquo;information, ainsi que de communications commerciales et\/ou publicitaires de CFI-2001 SL.<br \/>3. 3. Pour permettre le fonctionnement de notre site web, par le biais de cookies techniques et fonctionnels tels que d\u00e9taill\u00e9s dans notre politique de cookies.<\/p><p>Les champs de ces registres doivent \u00eatre remplis, et il sera impossible de r\u00e9aliser les finalit\u00e9s exprim\u00e9es si ces donn\u00e9es ne sont pas fournies ou si elles sont fournies de mani\u00e8re incorrecte ou incompl\u00e8te.<br \/>L&rsquo;utilisateur d\u00e9clare que toutes les donn\u00e9es qu&rsquo;il a fournies sont exactes et correctes et s&rsquo;engage \u00e0 les tenir \u00e0 jour, en communiquant toute modification \u00e0 CFI-2001 SL.<br \/>Les donn\u00e9es fournies ne seront pas communiqu\u00e9es \u00e0 des tiers ext\u00e9rieurs \u00e0 CFI-2001 SL sans votre accord expr\u00e8s, sauf obligation l\u00e9gale.<br \/>Les donn\u00e9es personnelles fournies seront conserv\u00e9es tant que la relation commerciale est maintenue et que l&rsquo;utilisateur n&rsquo;a pas demand\u00e9 leur suppression, ainsi que pendant la dur\u00e9e des responsabilit\u00e9s l\u00e9gales.<br \/>L&rsquo;utilisateur peut, \u00e0 tout moment, r\u00e9voquer le consentement donn\u00e9 et exercer ses droits d&rsquo;acc\u00e8s, de rectification, de limitation du traitement, de portabilit\u00e9, d&rsquo;annulation et d&rsquo;opposition en \u00e9crivant au si\u00e8ge social de CFI-2001 SL situ\u00e9 Avda. Mas Pins s\/n, 17457 Riudellots de la Selva (Girona) ou en envoyant un courriel \u00e0 info@fibosa.com d\u00fbment identifi\u00e9 et indiquant de mani\u00e8re visible le droit sp\u00e9cifique exerc\u00e9.<\/p><p>En application de la LSSI, CFI-2001 SL n&rsquo;enverra pas de communications publicitaires ou promotionnelles par courrier \u00e9lectronique ou tout autre moyen \u00e9quivalent de communication \u00e9lectronique qui n&rsquo;ont pas \u00e9t\u00e9 pr\u00e9alablement demand\u00e9es ou express\u00e9ment autoris\u00e9es par les destinataires de ces derni\u00e8res. Par cons\u00e9quent, dans chacun des formulaires du site Web, l&rsquo;utilisateur a la possibilit\u00e9 de donner son consentement expr\u00e8s pour recevoir des bulletins d&rsquo;information, ind\u00e9pendamment des informations sp\u00e9cifiquement demand\u00e9es.<br \/>CFI-2001 SL adopte les mesures n\u00e9cessaires pour garantir la s\u00e9curit\u00e9, l&rsquo;int\u00e9grit\u00e9 et la confidentialit\u00e9 des donn\u00e9es, conform\u00e9ment aux dispositions de la loi organique 03\/2018 et aux autres r\u00e9glementations applicables. Toutefois, elle n&rsquo;assume aucune responsabilit\u00e9 pour les dommages d\u00e9coulant des alt\u00e9rations que des tiers pourraient causer aux syst\u00e8mes informatiques, aux documents \u00e9lectroniques ou aux fichiers de l&rsquo;utilisateur.<br \/>L&rsquo;utilisation de cookies par le biais du portail est r\u00e9gie par les dispositions de notre politique en mati\u00e8re de cookies, accessible \u00e0 tout moment depuis le portail. <br \/>Toute modification que nous pourrions apporter \u00e0 l&rsquo;avenir \u00e0 notre politique de confidentialit\u00e9 sera communiqu\u00e9e sur cette page. De cette fa\u00e7on, vous pourrez v\u00e9rifier r\u00e9guli\u00e8rement les mises \u00e0 jour ou les modifications apport\u00e9es \u00e0 notre politique de confidentialit\u00e9.<\/p><p>En cas de d\u00e9saccord avec CFI-2001 SL concernant le traitement de vos donn\u00e9es, vous pouvez d\u00e9poser une plainte aupr\u00e8s de l&rsquo;Agence espagnole de protection des donn\u00e9es \u00e0 son si\u00e8ge \u00e9lectronique (ww.aepd.es). <br \/>La loi espagnole s&rsquo;appliquera \u00e0 tous les litiges concernant ce site web, et les cours et tribunaux correspondants seront comp\u00e9tents.<\/p>\t\t\t\t\t\t\t\t<\/div>\n\t\t\t\t<\/div>\n\t\t\t\t\t<\/div>\n\t\t<\/div>\n\t\t\t\t\t<\/div>\n\t\t<\/section>\n\t\t\t\t<\/div>\n\t\t","protected":false},"excerpt":{"rendered":"<p>Pol\u00edtica de privacidad CFI-2001 SL est conscient de l&rsquo;importance pour nos utilisateurs d&rsquo;obtenir des informations claires et transparentes sur l&rsquo;utilisation que nous faisons des informations qu&rsquo;ils nous fournissent.La relation avec nos utilisateurs est bas\u00e9e sur l&rsquo;honn\u00eatet\u00e9, la rigueur et la transparence afin de construire des relations solides de confiance mutuelle. Par le biais de cette&hellip;&nbsp;<a href=\"https:\/\/www.fibosa.com\/fr\/politique-de-confidentialite\/\" class=\"\" rel=\"bookmark\">Lire la suite &raquo;<span class=\"screen-reader-text\">Politique de confidentialit\u00e9<\/span><\/a><\/p>\n","protected":false},"author":1,"featured_media":0,"parent":0,"menu_order":0,"comment_status":"closed","ping_status":"open","template":"elementor_header_footer","meta":{"_acf_changed":false,"neve_meta_sidebar":"","neve_meta_container":"","neve_meta_enable_content_width":"off","neve_meta_content_width":100,"neve_meta_title_alignment":"","neve_meta_author_avatar":"","neve_post_elements_order":"","neve_meta_disable_header":"","neve_meta_disable_footer":"","neve_meta_disable_title":"","footnotes":""},"class_list":["post-4216","page","type-page","status-publish","hentry"],"acf":[],"_links":{"self":[{"href":"https:\/\/www.fibosa.com\/fr\/wp-json\/wp\/v2\/pages\/4216","targetHints":{"allow":["GET"]}}],"collection":[{"href":"https:\/\/www.fibosa.com\/fr\/wp-json\/wp\/v2\/pages"}],"about":[{"href":"https:\/\/www.fibosa.com\/fr\/wp-json\/wp\/v2\/types\/page"}],"author":[{"embeddable":true,"href":"https:\/\/www.fibosa.com\/fr\/wp-json\/wp\/v2\/users\/1"}],"replies":[{"embeddable":true,"href":"https:\/\/www.fibosa.com\/fr\/wp-json\/wp\/v2\/comments?post=4216"}],"version-history":[{"count":8,"href":"https:\/\/www.fibosa.com\/fr\/wp-json\/wp\/v2\/pages\/4216\/revisions"}],"predecessor-version":[{"id":12240,"href":"https:\/\/www.fibosa.com\/fr\/wp-json\/wp\/v2\/pages\/4216\/revisions\/12240"}],"wp:attachment":[{"href":"https:\/\/www.fibosa.com\/fr\/wp-json\/wp\/v2\/media?parent=4216"}],"curies":[{"name":"wp","href":"https:\/\/api.w.org\/{rel}","templated":true}]}}