{"id":4210,"date":"2021-04-21T08:44:55","date_gmt":"2021-04-21T06:44:55","guid":{"rendered":"https:\/\/www.fibosa.com\/politica-de-cookies\/"},"modified":"2022-09-29T11:49:28","modified_gmt":"2022-09-29T09:49:28","slug":"politique-de-cookies","status":"publish","type":"page","link":"https:\/\/www.fibosa.com\/fr\/politique-de-cookies\/","title":{"rendered":"Politique de cookies"},"content":{"rendered":"\t\t<div data-elementor-type=\"wp-page\" data-elementor-id=\"4210\" class=\"elementor elementor-4210 elementor-62\" data-elementor-post-type=\"page\">\n\t\t\t\t\t\t<section data-particle_enable=\"false\" data-particle-mobile-disabled=\"false\" class=\"elementor-section elementor-top-section elementor-element elementor-element-f940525 elementor-section-boxed elementor-section-height-default elementor-section-height-default\" data-id=\"f940525\" data-element_type=\"section\" data-e-type=\"section\">\n\t\t\t\t\t\t<div class=\"elementor-container elementor-column-gap-default\">\n\t\t\t\t\t<div class=\"elementor-column elementor-col-100 elementor-top-column elementor-element elementor-element-abc77f4\" data-id=\"abc77f4\" data-element_type=\"column\" data-e-type=\"column\">\n\t\t\t<div class=\"elementor-widget-wrap elementor-element-populated\">\n\t\t\t\t\t\t<div data-dce-title-color=\"#33421C\" class=\"elementor-element elementor-element-4c7bdeb elementor-widget elementor-widget-heading\" data-id=\"4c7bdeb\" data-element_type=\"widget\" data-e-type=\"widget\" data-widget_type=\"heading.default\">\n\t\t\t\t<div class=\"elementor-widget-container\">\n\t\t\t\t\t<h1 class=\"elementor-heading-title elementor-size-default\">Politique de cookies<\/h1>\t\t\t\t<\/div>\n\t\t\t\t<\/div>\n\t\t\t\t<div class=\"elementor-element elementor-element-e3769d6 elementor-widget elementor-widget-text-editor\" data-id=\"e3769d6\" data-element_type=\"widget\" data-e-type=\"widget\" data-widget_type=\"text-editor.default\">\n\t\t\t\t<div class=\"elementor-widget-container\">\n\t\t\t\t\t\t\t\t\t<p>Les cookies sont de petits fichiers texte qui sont install\u00e9s sur les ordinateurs \u00e0 partir desquels vous acc\u00e9dez \u00e0 notre site Web. Entre autres fins, les cookies permettent de stocker les pr\u00e9f\u00e9rences et les habitudes de navigation d\u2019un utilisateur. Bien qu\u2019ils soient associ\u00e9s \u00e0 cet utilisateur et \u00e0 son \u00e9quipe, ils ne fournissent pas de donn\u00e9es d\u2019identification directe. Il existe des cookies, tels que ceux qui permettent de produire des statistiques ou des publicit\u00e9s, qui n\u00e9cessitent le consentement de l\u2019utilisateur de notre site. En revanche, d\u2019autres, comme celles de nature technique ou celles n\u00e9cessaires pour offrir un service demand\u00e9 par l\u2019utilisateur, sont indispensables au fonctionnement du site. Les cookies peuvent \u00eatre class\u00e9s selon leur dur\u00e9e de vie, selon l\u2019entit\u00e9 qui les g\u00e8re ou selon leur finalit\u00e9.<\/p>\n<p><span class=\"titol\">SELON LEUR DUR\u00c9E<\/span><\/p>\n<p><em>De session<\/em><em>:<\/em> sont temporaires et restent dans le fichier de cookies du navigateur que vous utilisez pour acc\u00e9der au site Web jusqu\u2019au moment o\u00f9 vous quittez le site.<\/p>\n<p><em>Persistants<\/em><em>:<\/em> sont stock\u00e9es et le site les lit chaque fois que vous le visitez.<\/p>\n<p><span class=\"titol\">SELON L\u2019ENTIT\u00c9 QUI LES G\u00c8RE <\/span><\/p>\n<p><em>Propres<\/em><em>:<\/em> sont celles appartenant au titulaire du site Web \u00e0 partir duquel les services sont fournis \u00e0 l\u2019utilisateur.<\/p>\n<p><em>De tiers<\/em><em>:<\/em> sIls sont envoy\u00e9s au terminal de l&rsquo;usager \u00e0 partir d&rsquo;un syst\u00e8me ou d&rsquo;un domaine qui n\u2019est pas g\u00e9r\u00e9 par l\u2019\u00e9diteur mais par un autre organisme, qui traite les donn\u00e9es obtenues par le biais des cookies..<\/p>\n<p><span class=\"titol\">SELON LEUR FINALIT\u00c9<\/span><\/p>\n<p><em>N\u00e9cessaires<\/em><em>:<\/em> les indispensables pour faciliter votre connexion. Il n\u2019y a pas d\u2019option pour les d\u00e9sactiver, car ils sont n\u00e9cessaires au fonctionnement du site Web.<\/p>\n<p><em>Techniques<\/em><em>: <\/em>qui permettent de contr\u00f4ler le trafic et la communication de donn\u00e9es, d\u2019identifier la session et d\u2019acc\u00e9der aux pages \u00e0 acc\u00e8s restreint, entre autres.<\/p>\n<p><em>De pr\u00e9f\u00e9rences <\/em><em>:<\/em> ils vous permettent de m\u00e9moriser vos options (par exemple, votre langue ou la r\u00e9gion \u00e0 partir de laquelle vous acc\u00e9dez) pour vous fournir des services avanc\u00e9s.<\/p>\n<p><em>D\u2019Analyse<\/em><em>:<\/em> ils fournissent des renseignements statistiques et permettent d&rsquo;am\u00e9liorer les service.<\/p>\n<p><em>De publicit\u00e9 comportementale<\/em><em>:<\/em> pour offrir du contenu publicitaire li\u00e9 aux int\u00e9r\u00eats de l\u2019utilisateur, soit directement, soit par l\u2019interm\u00e9diaire de tiers  (\u201cadservers\u201d).<\/p>\n<p><em>G\u00e9olocalisation<\/em><em>: <\/em>pour conna\u00eetre la localisation g\u00e9ographique de l\u2019utilisateur.<\/p>\n<p>Nous listons les cookies utilis\u00e9s par notre site, ce qui permet \u00e0 chaque utilisateur (derni\u00e8re colonne) d&rsquo;autoriser leur t\u00e9l\u00e9chargement.<\/p>\n<p><div class=\"overflow-llistat-cookies\">\n<table class=\"llistat-cookies\">\n<tbody>\n<tr>\n<th>Finalit\u00e9<\/th>\n<th>Fournisseur<\/th>\n<th>Nom du cookie<\/th>\n<th>Gestion<\/th>\n<th>Validit\u00e9<\/th>\n<th style=\"text-align: center;\">Fonction<\/th>\n<\/tr>\n<tr>\n<td>Techniques<\/td>\n<td>Cookie propre<\/td>\n<td>PHPSESSID<\/td>\n<td>Cookie propre<\/td>\n<td>1 an<\/td>\n<td>Ce cookie est utilis\u00e9 par le langage de cryptage PHP pour permettre aux variables de SESSION d&rsquo;\u00eatre stock\u00e9es sur le serveur web.<\/td>\n<\/tr>\n<tr>\n<td>Techniques<\/td>\n<td>Cookie propre<\/td>\n<td>wp-settings-time-1, wp-settings-1<\/td>\n<td>Cookie propre<\/td>\n<td>1 an<\/td>\n<td>Ces cookies sont utilis\u00e9s par WordPress pour personnaliser l&rsquo;interface utilisateur.<\/td>\n<\/tr>\n<tr>\n<td>Techniques<\/td>\n<td>Cookie propre<\/td>\n<td>wordpress_logged_in_<\/td>\n<td>Cookie propre<\/td>\n<td>1 an<\/td>\n<td>Apr\u00e8s s&rsquo;\u00eatre connect\u00e9, WordPress active le cookie wordpress_logged_in_ cookie, dont la fonction est de vous reconna\u00eetre et d&rsquo;indiquer quand vous vous \u00eates connect\u00e9, informations ensuite utilis\u00e9es par l&rsquo;interface de WordPress.<\/td>\n<\/tr>\n<tr>\n<td>Techniques<\/td>\n<td>Cookie propre<\/td>\n<td>wp-wpml_current_language<\/td>\n<td>Cookie propre<\/td>\n<td>1 an<\/td>\n<td>Permet de se souvenir de la langue de l&rsquo;utilisateur<\/td>\n<\/tr>\n<tr>\n<td>Techniques<\/td>\n<td>Cookie propre<\/td>\n<td>concentiment_cookies<\/td>\n<td>Cookie propre<\/td>\n<td>1 an<\/td>\n<td>Enregistre votre\u00a0acceptation\u00a0du message relatif aux\u00a0cookies<\/td>\n<\/tr>\n<tr>\n<td>Techniques<\/td>\n<td>Cookie propre<\/td>\n<td>dateExpireCookie<\/td>\n<td>Cookie propre<\/td>\n<td>1 an<\/td>\n<td>Enregistre la date d&rsquo;expiration du cookie du message relatif aux\u00a0cookies<\/td>\n<\/tr>\n<tr>\n<td>&lt;Analytiques<\/td>\n<td>GOOGLE<\/td>\n<td>_ga<\/td>\n<td>Third-Party<\/td>\n<td>2 ans<\/td>\n<td>Fournit des statistiques sur l&rsquo;utilisation du site web. Il peut \u00e9galement \u00eatre utilis\u00e9 en association avec certains des cookies publicitaires d\u00e9crits ci-dessus pour afficher des annonces plus pertinentes selon les propri\u00e9t\u00e9s de Google<\/td>\n<\/tr>\n<tr>\n<td>Analytiques<\/td>\n<td>GOOGLE<\/td>\n<td>_gid<\/td>\n<td>Third-Party<\/td>\n<td>23 heures<\/td>\n<td>Enregistre une identification unique, utilis\u00e9e pour g\u00e9n\u00e9rer des donn\u00e9es statistiques sur la fa\u00e7on dont le visiteur utilise le site web.<\/td>\n<\/tr>\n<tr>\n<td>Analytiques<\/td>\n<td>GOOGLE<\/td>\n<td>_gat<\/td>\n<td>Third-Party<\/td>\n<td>1 minute<\/td>\n<td>Il sert \u00e0 limiter le pourcentage de demandes. Si vous avez install\u00e9 Google Analytics en utilisant le Gestionnaire de balises de Google, ce cookie s&rsquo;appellera _dc_gtm_.<\/td>\n<\/tr>\n<tr>\n<td>Publicitaire<\/td>\n<td>Facebook<\/td>\n<td>_fbp<\/td>\n<td>Third-Party<\/td>\n<td>3 mois<\/td>\n<td>Utilis\u00e9 par Facebook pour proposer un certain nombre de produits publicitaires, tels que des offres en temps r\u00e9el de la part d&rsquo;annonceurs tiers.<\/td>\n<\/tr>\n<\/tbody>\n<\/table>\n<\/div>\n<\/p>\n<p><span class=\"titol\">PANNEAU DE CONFIGURATION DES COOKIES<\/span><\/p>\n<p>Depuis ce panneau, vous pouvez configurer les cookies que le site peut installer sur votre navigateur, \u00e0 l\u2019exception des cookies techniques ou fonctionnels qui sont n\u00e9cessaires pour la navigation et l\u2019utilisation des diff\u00e9rentes options ou services propos\u00e9s.<\/p>\n<p><u id=\"ajustes_cookies_2\">ACC\u00c8S AU PANNEAU<\/u><\/p>\n<p>Vous pouvez r\u00e9voquer votre consentement \u00e0 l\u2019utilisation des cookies en les supprimant \u00e0 l\u2019aide des options de votre navigateur. Vous pouvez \u00e9galement configurer votre navigateur pour qu\u2019il vous informe \u00e0 l\u2019avance de l\u2019installation \u00e9ventuelle de cookies. Vous trouverez des informations sur la fa\u00e7on de proc\u00e9der dans les liens suivants.<\/p>\n<p>&#8211; Para Firefox (<a href=\"http:\/\/support.mozilla.org\/ca\/kb\/Galetes\" target=\"_blank\" rel=\"noopener\">lien<\/a>)<\/p>\n<p>&#8211; Para Chrome (<a href=\"http:\/\/support.google.com\/chrome\/bin\/answer.py?hl=es&amp;answer=95647\" target=\"_blank\" rel=\"noopener\">lien<\/a>)<\/p>\n<p>&#8211; Para Explorer (<a href=\"https:\/\/support.microsoft.com\/es-es\/help\/278835\/how-to-delete-cookie-files-in-internet-explorer\" target=\"_blank\" rel=\"noopener\">lien<\/a>)<\/p>\n<p>&#8211; Para Edge (<a href=\"https:\/\/support.microsoft.com\/es-es\/help\/4027947\/windows-delete-cookies\" target=\"_blank\" rel=\"noopener\">lien<\/a>)<\/p>\n<p>&#8211; Para Safari per IOS (<a href=\"http:\/\/support.apple.com\/kb\/HT1677?viewlocale=es_ES&amp;locale=es_ES\" target=\"_blank\" rel=\"noopener\">lien<\/a>)<\/p>\n<p>&#8211; Para Opera (<a href=\"https:\/\/help.opera.com\/en\/latest\/web-preferences\/#cookies\" target=\"_blank\" rel=\"noopener\">lien<\/a>)<\/p>\t\t\t\t\t\t\t\t<\/div>\n\t\t\t\t<\/div>\n\t\t\t\t\t<\/div>\n\t\t<\/div>\n\t\t\t\t\t<\/div>\n\t\t<\/section>\n\t\t\t\t<\/div>\n\t\t","protected":false},"excerpt":{"rendered":"<p>Politique de cookies Les cookies sont de petits fichiers texte qui sont install\u00e9s sur les ordinateurs \u00e0 partir desquels vous acc\u00e9dez \u00e0 notre site Web. Entre autres fins, les cookies permettent de stocker les pr\u00e9f\u00e9rences et les habitudes de navigation d\u2019un utilisateur. Bien qu\u2019ils soient associ\u00e9s \u00e0 cet utilisateur et \u00e0 son \u00e9quipe, ils ne&hellip;&nbsp;<a href=\"https:\/\/www.fibosa.com\/fr\/politique-de-cookies\/\" class=\"\" rel=\"bookmark\">Lire la suite &raquo;<span class=\"screen-reader-text\">Politique de cookies<\/span><\/a><\/p>\n","protected":false},"author":1,"featured_media":0,"parent":0,"menu_order":0,"comment_status":"closed","ping_status":"closed","template":"elementor_header_footer","meta":{"_acf_changed":false,"neve_meta_sidebar":"","neve_meta_container":"","neve_meta_enable_content_width":"off","neve_meta_content_width":100,"neve_meta_title_alignment":"","neve_meta_author_avatar":"","neve_post_elements_order":"","neve_meta_disable_header":"","neve_meta_disable_footer":"","neve_meta_disable_title":"","footnotes":""},"class_list":["post-4210","page","type-page","status-publish","hentry"],"acf":[],"_links":{"self":[{"href":"https:\/\/www.fibosa.com\/fr\/wp-json\/wp\/v2\/pages\/4210","targetHints":{"allow":["GET"]}}],"collection":[{"href":"https:\/\/www.fibosa.com\/fr\/wp-json\/wp\/v2\/pages"}],"about":[{"href":"https:\/\/www.fibosa.com\/fr\/wp-json\/wp\/v2\/types\/page"}],"author":[{"embeddable":true,"href":"https:\/\/www.fibosa.com\/fr\/wp-json\/wp\/v2\/users\/1"}],"replies":[{"embeddable":true,"href":"https:\/\/www.fibosa.com\/fr\/wp-json\/wp\/v2\/comments?post=4210"}],"version-history":[{"count":11,"href":"https:\/\/www.fibosa.com\/fr\/wp-json\/wp\/v2\/pages\/4210\/revisions"}],"predecessor-version":[{"id":5711,"href":"https:\/\/www.fibosa.com\/fr\/wp-json\/wp\/v2\/pages\/4210\/revisions\/5711"}],"wp:attachment":[{"href":"https:\/\/www.fibosa.com\/fr\/wp-json\/wp\/v2\/media?parent=4210"}],"curies":[{"name":"wp","href":"https:\/\/api.w.org\/{rel}","templated":true}]}}