{"id":4192,"date":"2022-04-04T17:45:34","date_gmt":"2022-04-04T15:45:34","guid":{"rendered":"https:\/\/www.fibosa.com\/elaboracion-de-queso-fresco\/"},"modified":"2024-12-13T12:58:32","modified_gmt":"2024-12-13T11:58:32","slug":"production-de-fromages-frais-et-a-pate-molle","status":"publish","type":"page","link":"https:\/\/www.fibosa.com\/fr\/production-de-fromages-frais-et-a-pate-molle\/","title":{"rendered":"Production de fromages frais et \u00e0 p\u00e2te molle"},"content":{"rendered":"\t\t<div data-elementor-type=\"wp-page\" data-elementor-id=\"4192\" class=\"elementor elementor-4192 elementor-1321\" data-elementor-post-type=\"page\">\n\t\t\t\t\t\t<section data-particle_enable=\"false\" data-particle-mobile-disabled=\"false\" data-dce-background-overlay-color=\"#F2F3F1\" class=\"elementor-section elementor-top-section elementor-element elementor-element-a876d36 elementor-section-full_width elementor-section-height-min-height elementor-section-items-stretch elementor-section-height-default\" data-id=\"a876d36\" data-element_type=\"section\" data-e-type=\"section\">\n\t\t\t\t\t\t\t<div class=\"elementor-background-overlay\"><\/div>\n\t\t\t\t\t\t\t<div class=\"elementor-container elementor-column-gap-default\">\n\t\t\t\t\t<div class=\"elementor-column elementor-col-50 elementor-top-column elementor-element elementor-element-91b17fe\" data-id=\"91b17fe\" data-element_type=\"column\" data-e-type=\"column\">\n\t\t\t<div class=\"elementor-widget-wrap elementor-element-populated\">\n\t\t\t\t\t\t<div class=\"elementor-element elementor-element-d2e17bd elementor-invisible elementor-widget elementor-widget-heading\" data-id=\"d2e17bd\" data-element_type=\"widget\" data-e-type=\"widget\" data-settings=\"{&quot;_animation&quot;:&quot;fadeInUp&quot;}\" data-widget_type=\"heading.default\">\n\t\t\t\t<div class=\"elementor-widget-container\">\n\t\t\t\t\t<h1 class=\"elementor-heading-title elementor-size-default\">Fabrication de fromage frais<\/h1>\t\t\t\t<\/div>\n\t\t\t\t<\/div>\n\t\t\t\t<div class=\"elementor-element elementor-element-1e29cc6 elementor-invisible elementor-widget elementor-widget-text-editor\" data-id=\"1e29cc6\" data-element_type=\"widget\" data-e-type=\"widget\" data-settings=\"{&quot;_animation&quot;:&quot;fadeInUp&quot;}\" data-widget_type=\"text-editor.default\">\n\t\t\t\t<div class=\"elementor-widget-container\">\n\t\t\t\t\t\t\t\t\t<p>La nouvelle gamme d&rsquo;\u00e9quipements pour la production de fromages frais et\/ou \u00e0 p\u00e2te molle de FIBOSA est particuli\u00e8rement indiqu\u00e9e pour les fabricants de productions moyennes et\/ou \u00e9lev\u00e9es, qui exigent une augmentation de la productivit\u00e9, l&rsquo;optimisation des ressources, la possibilit\u00e9 d&rsquo;une croissance exponentielle et le plus haut niveau .en termes de qualit\u00e9 du produit final.<\/p><p>Nous proposons des machines individuelles telles que cuves de caillage sp\u00e9cifiques, doseurs, multi-moules, retourneurs, jusqu&rsquo;\u00e0 des lignes compl\u00e8tes automatis\u00e9es \u00e0 haute valeur ajout\u00e9e.<\/p>\t\t\t\t\t\t\t\t<\/div>\n\t\t\t\t<\/div>\n\t\t\t\t<div class=\"elementor-element elementor-element-65c23c5 dce_masking-none elementor-widget elementor-widget-video\" data-id=\"65c23c5\" data-element_type=\"widget\" data-e-type=\"widget\" data-settings=\"{&quot;youtube_url&quot;:&quot;https:\\\/\\\/youtu.be\\\/e7e77C3jHTY&quot;,&quot;video_type&quot;:&quot;youtube&quot;,&quot;controls&quot;:&quot;yes&quot;}\" data-widget_type=\"video.default\">\n\t\t\t\t<div class=\"elementor-widget-container\">\n\t\t\t\t\t\t\t<div class=\"elementor-wrapper elementor-open-inline\">\n\t\t\t<div class=\"elementor-video\"><\/div>\t\t<\/div>\n\t\t\t\t\t\t<\/div>\n\t\t\t\t<\/div>\n\t\t\t\t\t<\/div>\n\t\t<\/div>\n\t\t\t\t<div class=\"elementor-column elementor-col-50 elementor-top-column elementor-element elementor-element-1126d08 elementor-invisible\" data-id=\"1126d08\" data-element_type=\"column\" data-e-type=\"column\" data-settings=\"{&quot;background_background&quot;:&quot;slideshow&quot;,&quot;background_slideshow_gallery&quot;:[{&quot;id&quot;:10973,&quot;url&quot;:&quot;https:\\\/\\\/www.fibosa.com\\\/wp-content\\\/uploads\\\/2024\\\/12\\\/FIBOSA-SOFT-CHEESE-2.jpg&quot;},{&quot;id&quot;:10959,&quot;url&quot;:&quot;https:\\\/\\\/www.fibosa.com\\\/wp-content\\\/uploads\\\/2024\\\/12\\\/FIBOSA-SOFT-CHEESE.jpg&quot;},{&quot;id&quot;:1894,&quot;url&quot;:&quot;https:\\\/\\\/www.fibosa.com\\\/wp-content\\\/uploads\\\/2022\\\/09\\\/03-00.jpg&quot;},{&quot;id&quot;:1891,&quot;url&quot;:&quot;https:\\\/\\\/www.fibosa.com\\\/wp-content\\\/uploads\\\/2022\\\/09\\\/03-04-1.jpg&quot;},{&quot;id&quot;:10966,&quot;url&quot;:&quot;https:\\\/\\\/www.fibosa.com\\\/wp-content\\\/uploads\\\/2024\\\/12\\\/FIBOSA-SOFT-CHEESE-1.jpg&quot;}],&quot;background_slideshow_slide_duration&quot;:3000,&quot;background_slideshow_slide_transition&quot;:&quot;slide_left&quot;,&quot;animation_mobile&quot;:&quot;fadeInUp&quot;,&quot;animation&quot;:&quot;fadeInUp&quot;,&quot;background_slideshow_loop&quot;:&quot;yes&quot;,&quot;background_slideshow_transition_duration&quot;:500}\">\n\t\t\t<div class=\"elementor-widget-wrap elementor-element-populated\">\n\t\t\t\t\t\t<div class=\"elementor-element elementor-element-4688ec9 elementor-widget elementor-widget-spacer\" data-id=\"4688ec9\" data-element_type=\"widget\" data-e-type=\"widget\" data-widget_type=\"spacer.default\">\n\t\t\t\t<div class=\"elementor-widget-container\">\n\t\t\t\t\t\t\t<div class=\"elementor-spacer\">\n\t\t\t<div class=\"elementor-spacer-inner\"><\/div>\n\t\t<\/div>\n\t\t\t\t\t\t<\/div>\n\t\t\t\t<\/div>\n\t\t\t\t\t<\/div>\n\t\t<\/div>\n\t\t\t\t\t<\/div>\n\t\t<\/section>\n\t\t\t\t<section data-particle_enable=\"false\" data-particle-mobile-disabled=\"false\" class=\"elementor-section elementor-top-section elementor-element elementor-element-a898704 elementor-section-boxed elementor-section-height-default elementor-section-height-default\" data-id=\"a898704\" data-element_type=\"section\" data-e-type=\"section\">\n\t\t\t\t\t\t<div class=\"elementor-container elementor-column-gap-default\">\n\t\t\t\t\t<div class=\"elementor-column elementor-col-100 elementor-top-column elementor-element elementor-element-a9ef59b\" data-id=\"a9ef59b\" data-element_type=\"column\" data-e-type=\"column\">\n\t\t\t<div class=\"elementor-widget-wrap elementor-element-populated\">\n\t\t\t\t\t\t<div data-dce-title-color=\"#593834\" class=\"elementor-element elementor-element-feaff57 elementor-invisible elementor-widget elementor-widget-heading\" data-id=\"feaff57\" data-element_type=\"widget\" data-e-type=\"widget\" data-settings=\"{&quot;_animation&quot;:&quot;fadeInUp&quot;}\" data-widget_type=\"heading.default\">\n\t\t\t\t<div class=\"elementor-widget-container\">\n\t\t\t\t\t<h2 class=\"elementor-heading-title elementor-size-default\">Nos appareils<\/h2>\t\t\t\t<\/div>\n\t\t\t\t<\/div>\n\t\t\t\t\t<\/div>\n\t\t<\/div>\n\t\t\t\t\t<\/div>\n\t\t<\/section>\n\t\t\t\t<section data-particle_enable=\"false\" data-particle-mobile-disabled=\"false\" class=\"elementor-section elementor-top-section elementor-element elementor-element-d96faf6 elementor-section-boxed elementor-section-height-default elementor-section-height-default\" data-id=\"d96faf6\" data-element_type=\"section\" data-e-type=\"section\">\n\t\t\t\t\t\t<div class=\"elementor-container elementor-column-gap-default\">\n\t\t\t\t\t<div class=\"elementor-column elementor-col-100 elementor-top-column elementor-element elementor-element-98dd487\" data-id=\"98dd487\" data-element_type=\"column\" data-e-type=\"column\">\n\t\t\t<div class=\"elementor-widget-wrap elementor-element-populated\">\n\t\t\t\t\t\t<div class=\"elementor-element elementor-element-1031e91 elementor-grid-4 elementor-posts--thumbnail-top elementor-grid-tablet-2 elementor-grid-mobile-1 elementor-widget elementor-widget-posts\" data-id=\"1031e91\" data-element_type=\"widget\" data-e-type=\"widget\" data-settings=\"{&quot;custom_columns&quot;:&quot;4&quot;,&quot;custom_columns_tablet&quot;:&quot;2&quot;,&quot;custom_columns_mobile&quot;:&quot;1&quot;,&quot;custom_row_gap&quot;:{&quot;unit&quot;:&quot;px&quot;,&quot;size&quot;:35,&quot;sizes&quot;:[]},&quot;custom_row_gap_tablet&quot;:{&quot;unit&quot;:&quot;px&quot;,&quot;size&quot;:&quot;&quot;,&quot;sizes&quot;:[]},&quot;custom_row_gap_mobile&quot;:{&quot;unit&quot;:&quot;px&quot;,&quot;size&quot;:&quot;&quot;,&quot;sizes&quot;:[]}}\" data-widget_type=\"posts.custom\">\n\t\t\t\t<div class=\"elementor-widget-container\">\n\t\t\t\t\t      <div class=\"ecs-posts elementor-posts-container elementor-posts   elementor-grid elementor-posts--skin-custom\" data-settings=\"{&quot;current_page&quot;:1,&quot;max_num_pages&quot;:0,&quot;load_method&quot;:&quot;&quot;,&quot;widget_id&quot;:&quot;1031e91&quot;,&quot;post_id&quot;:4192,&quot;theme_id&quot;:4192,&quot;change_url&quot;:false,&quot;reinit_js&quot;:false}\">\n      <div class=\"elementor-posts-nothing-found\"><\/div>\t\t<\/div>\n\t\t\t\t\t\t<\/div>\n\t\t\t\t<\/div>\n\t\t\t\t\t<\/div>\n\t\t<\/div>\n\t\t\t\t\t<\/div>\n\t\t<\/section>\n\t\t\t\t<section data-particle_enable=\"false\" data-particle-mobile-disabled=\"false\" data-dce-background-overlay-color=\"#F2F0EF\" class=\"elementor-section elementor-top-section elementor-element elementor-element-3f2ef9b elementor-section-boxed elementor-section-height-default elementor-section-height-default\" data-id=\"3f2ef9b\" data-element_type=\"section\" data-e-type=\"section\" data-settings=\"{&quot;background_background&quot;:&quot;classic&quot;}\">\n\t\t\t\t\t\t\t<div class=\"elementor-background-overlay\"><\/div>\n\t\t\t\t\t\t\t<div class=\"elementor-container elementor-column-gap-default\">\n\t\t\t\t\t<div class=\"elementor-column elementor-col-100 elementor-top-column elementor-element elementor-element-375ead5\" data-id=\"375ead5\" data-element_type=\"column\" data-e-type=\"column\">\n\t\t\t<div class=\"elementor-widget-wrap elementor-element-populated\">\n\t\t\t\t\t\t<div class=\"elementor-element elementor-element-3de1a82 dce_masking-none elementor-invisible elementor-widget elementor-widget-video\" data-id=\"3de1a82\" data-element_type=\"widget\" data-e-type=\"widget\" data-settings=\"{&quot;youtube_url&quot;:&quot;https:\\\/\\\/www.youtube.com\\\/watch?v=5XyZB87N3Lc&quot;,&quot;_animation&quot;:&quot;fadeInUp&quot;,&quot;video_type&quot;:&quot;youtube&quot;,&quot;controls&quot;:&quot;yes&quot;}\" data-widget_type=\"video.default\">\n\t\t\t\t<div class=\"elementor-widget-container\">\n\t\t\t\t\t\t\t<div class=\"elementor-wrapper elementor-open-inline\">\n\t\t\t<div class=\"elementor-video\"><\/div>\t\t<\/div>\n\t\t\t\t\t\t<\/div>\n\t\t\t\t<\/div>\n\t\t\t\t\t<\/div>\n\t\t<\/div>\n\t\t\t\t\t<\/div>\n\t\t<\/section>\n\t\t\t\t<\/div>\n\t\t","protected":false},"excerpt":{"rendered":"<p>Fabrication de fromage frais La nouvelle gamme d&rsquo;\u00e9quipements pour la production de fromages frais et\/ou \u00e0 p\u00e2te molle de FIBOSA est particuli\u00e8rement indiqu\u00e9e pour les fabricants de productions moyennes et\/ou \u00e9lev\u00e9es, qui exigent une augmentation de la productivit\u00e9, l&rsquo;optimisation des ressources, la possibilit\u00e9 d&rsquo;une croissance exponentielle et le plus haut niveau .en termes de qualit\u00e9&hellip;&nbsp;<a href=\"https:\/\/www.fibosa.com\/fr\/production-de-fromages-frais-et-a-pate-molle\/\" class=\"\" rel=\"bookmark\">Lire la suite &raquo;<span class=\"screen-reader-text\">Production de fromages frais et \u00e0 p\u00e2te molle<\/span><\/a><\/p>\n","protected":false},"author":1,"featured_media":0,"parent":0,"menu_order":0,"comment_status":"closed","ping_status":"closed","template":"page-templates\/template-pagebuilder-full-width.php","meta":{"_acf_changed":false,"neve_meta_sidebar":"","neve_meta_container":"","neve_meta_enable_content_width":"off","neve_meta_content_width":100,"neve_meta_title_alignment":"","neve_meta_author_avatar":"","neve_post_elements_order":"","neve_meta_disable_header":"","neve_meta_disable_footer":"","neve_meta_disable_title":"","footnotes":""},"class_list":["post-4192","page","type-page","status-publish","hentry"],"acf":[],"_links":{"self":[{"href":"https:\/\/www.fibosa.com\/fr\/wp-json\/wp\/v2\/pages\/4192","targetHints":{"allow":["GET"]}}],"collection":[{"href":"https:\/\/www.fibosa.com\/fr\/wp-json\/wp\/v2\/pages"}],"about":[{"href":"https:\/\/www.fibosa.com\/fr\/wp-json\/wp\/v2\/types\/page"}],"author":[{"embeddable":true,"href":"https:\/\/www.fibosa.com\/fr\/wp-json\/wp\/v2\/users\/1"}],"replies":[{"embeddable":true,"href":"https:\/\/www.fibosa.com\/fr\/wp-json\/wp\/v2\/comments?post=4192"}],"version-history":[{"count":39,"href":"https:\/\/www.fibosa.com\/fr\/wp-json\/wp\/v2\/pages\/4192\/revisions"}],"predecessor-version":[{"id":11045,"href":"https:\/\/www.fibosa.com\/fr\/wp-json\/wp\/v2\/pages\/4192\/revisions\/11045"}],"wp:attachment":[{"href":"https:\/\/www.fibosa.com\/fr\/wp-json\/wp\/v2\/media?parent=4192"}],"curies":[{"name":"wp","href":"https:\/\/api.w.org\/{rel}","templated":true}]}}