{"id":4178,"date":"2021-04-21T08:42:48","date_gmt":"2021-04-21T06:42:48","guid":{"rendered":"https:\/\/www.fibosa.com\/aviso-legal\/"},"modified":"2025-03-26T18:20:10","modified_gmt":"2025-03-26T17:20:10","slug":"avis-juridique","status":"publish","type":"page","link":"https:\/\/www.fibosa.com\/fr\/avis-juridique\/","title":{"rendered":"Avis juridique Fibosa \u2013 Termes, Conditions et R\u00e9glementation Juridique."},"content":{"rendered":"\t\t<div data-elementor-type=\"wp-page\" data-elementor-id=\"4178\" class=\"elementor elementor-4178 elementor-56\" data-elementor-post-type=\"page\">\n\t\t\t\t\t\t<section data-particle_enable=\"false\" data-particle-mobile-disabled=\"false\" class=\"elementor-section elementor-top-section elementor-element elementor-element-55d8907 elementor-section-boxed elementor-section-height-default elementor-section-height-default\" data-id=\"55d8907\" data-element_type=\"section\" data-e-type=\"section\">\n\t\t\t\t\t\t<div class=\"elementor-container elementor-column-gap-default\">\n\t\t\t\t\t<div class=\"elementor-column elementor-col-100 elementor-top-column elementor-element elementor-element-ef7b029\" data-id=\"ef7b029\" data-element_type=\"column\" data-e-type=\"column\">\n\t\t\t<div class=\"elementor-widget-wrap elementor-element-populated\">\n\t\t\t\t\t\t<div class=\"elementor-element elementor-element-4d1792f elementor-widget elementor-widget-heading\" data-id=\"4d1792f\" data-element_type=\"widget\" data-e-type=\"widget\" data-widget_type=\"heading.default\">\n\t\t\t\t<div class=\"elementor-widget-container\">\n\t\t\t\t\t<h1 class=\"elementor-heading-title elementor-size-default\">Avis juridique<\/h1>\t\t\t\t<\/div>\n\t\t\t\t<\/div>\n\t\t\t\t<div class=\"elementor-element elementor-element-f20cf40 elementor-widget elementor-widget-text-editor\" data-id=\"f20cf40\" data-element_type=\"widget\" data-e-type=\"widget\" data-widget_type=\"text-editor.default\">\n\t\t\t\t<div class=\"elementor-widget-container\">\n\t\t\t\t\t\t\t\t\t<p><strong>BUT OBJECTIF ET ACCEPTATION<\/strong><\/p><p>Le pr\u00e9sent avis juridique r\u00e9git l&rsquo;utilisation du site web www.fibosa.com, qui est la propri\u00e9t\u00e9 de CFI-2001 SL.<br \/>La navigation et l&rsquo;utilisation des services du portail, attribue la condition d&rsquo;utilisateur de ces derniers et implique la pleine acceptation sans r\u00e9serves d&rsquo;aucune sorte, de toutes et chacune des dispositions incluses dans le pr\u00e9sent avis l\u00e9gal.<br \/>CFI-2001 SL peut \u00e0 tout moment et sans pr\u00e9avis modifier ces dispositions en les publiant sur le portail afin qu&rsquo;elles soient connues \u00e0 l&rsquo;avance par les utilisateurs.<br \/>L&rsquo;utilisateur est tenu d&rsquo;utiliser correctement le site Web conform\u00e9ment \u00e0 la loi, \u00e0 la bonne foi, \u00e0 l&rsquo;ordre public, aux usages de la circulation et au pr\u00e9sent avis juridique, et il sera responsable envers le propri\u00e9taire du site Web ou envers des tiers de tout dommage pouvant r\u00e9sulter du non-respect de cette obligation.<\/p><p><strong>IDENTIFICATION ET COMMUNICATIONS<\/strong><\/p><p>Le propri\u00e9taire du site web, conform\u00e9ment \u00e0 la loi 34\/2002, du 11 juillet, sur les services de la soci\u00e9t\u00e9 de l&rsquo;information et le commerce \u00e9lectronique (LSSICE), vous informe que :<br \/>Son nom de soci\u00e9t\u00e9 est : CFI-2001 SL<br \/>Son nom commercial est : FIBOSA<br \/>Son num\u00e9ro de TVA est le suivant : B17701194. <br \/>Son si\u00e8ge social est situ\u00e9 \u00e0 : Avda. Mas Pins, s\/n, 17457, Riudellots de la Selva (Girona).<br \/><br \/>Pour communiquer avec nous, nous mettons \u00e0 votre disposition plusieurs moyens de contact, qui sont d\u00e9taill\u00e9s ci-dessous : <br \/>T\u00e9l\u00e9phone : (+34) 972 47 80 80 <br \/>Courriel : info@fibosa.com<br \/>Toutes les notifications et communications entre les utilisateurs et le propri\u00e9taire du site Web seront consid\u00e9r\u00e9es comme effectives, \u00e0 toutes fins utiles, lorsqu&rsquo;elles seront effectu\u00e9es par courrier ou par tout autre moyen d\u00e9taill\u00e9 ci-dessus.<\/p><p><strong>CONDITIONS D&rsquo;ACCES ET D&rsquo;UTILISATION<\/strong><\/p><p>Toutefois, le propri\u00e9taire du site Web peut conditionner l&rsquo;utilisation de certains des services offerts sur son site Web \u00e0 l&rsquo;ach\u00e8vement pr\u00e9alable du formulaire correspondant, apr\u00e8s lecture et acceptation compl\u00e8te, expresse et sans r\u00e9serve du pr\u00e9sent avis juridique et de la politique de confidentialit\u00e9.<br \/>L&rsquo;utilisateur garantit l&rsquo;authenticit\u00e9 et l&rsquo;actualit\u00e9 de toutes les donn\u00e9es communiqu\u00e9es au propri\u00e9taire du site Web et sera seul responsable de toute d\u00e9claration fausse ou inexacte.<br \/>Si l&rsquo;utilisateur n&rsquo;est pas d&rsquo;accord avec les conditions d&rsquo;utilisation, il doit s&rsquo;abstenir d&rsquo;utiliser ce portail et d&rsquo;op\u00e9rer par son interm\u00e9diaire.<br \/>L&rsquo;utilisateur s&rsquo;engage \u00e0 faire un usage diligent, correct et licite des contenus et services du Portail et \u00e0 ne pas les utiliser pour, entre autres:<\/p><ul><li>a) Diffusion de contenus criminels, violents, pornographiques, racistes, x\u00e9nophobes, offensants, faisant l&rsquo;apologie du terrorisme ou, en g\u00e9n\u00e9ral, de contenus contraires \u00e0 la loi, \u00e0 la morale et aux bonnes coutumes ou \u00e0 l&rsquo;ordre public.<\/li><li>b) Introduire dans le r\u00e9seau des virus informatiques ou r\u00e9aliser des actions susceptibles d&rsquo;alt\u00e9rer, d&rsquo;endommager, d&rsquo;interrompre ou de g\u00e9n\u00e9rer des erreurs ou des dommages aux syst\u00e8mes physiques et logiques du propri\u00e9taire du site Web ou de tiers, ainsi que d&rsquo;entraver l&rsquo;acc\u00e8s d&rsquo;autres utilisateurs au site Web et \u00e0 ses services par la consommation massive de ressources informatiques \u00e0 travers lesquelles le propri\u00e9taire du site Web fournit ses services.<\/li><li>c) La collecte et\/ou l&rsquo;utilisation des donn\u00e9es personnelles d&rsquo;autres utilisateurs sans leur consentement expr\u00e8s ou en violation des dispositions de la l\u00e9gislation en vigueur sur la protection des donn\u00e9es.<\/li><li>d) Enfreindre les droits de propri\u00e9t\u00e9 intellectuelle ou industrielle, ainsi que violer la confidentialit\u00e9 des informations du propri\u00e9taire du site Web ou de tiers.<\/li><li>e) usurper l&rsquo;identit\u00e9 d&rsquo;un autre utilisateur, des administrations publiques ou d&rsquo;un tiers.<\/li><li>f) Tout acte de transmission, de distribution, de cession, de modification, de reproduction, de stockage ou de communication publique totale ou partielle du contenu du site Web qui n&rsquo;a pas \u00e9t\u00e9 express\u00e9ment autoris\u00e9 par le titulaire des droits d&rsquo;exploitation ou qui est l\u00e9galement permis est interdit.<\/li><li>g) l&rsquo;utilisation du serveur de messagerie et des adresses \u00e9lectroniques du domaine pour l&rsquo;envoi massif de messages non autoris\u00e9s.<\/li><li>h) L&rsquo;utilisateur doit s&rsquo;abstenir de faire des d\u00e9clarations ou des indications fausses, inexactes ou incorrectes sur le propri\u00e9taire du site web ou d&rsquo;inclure des contenus illicites contraires aux bons usages et \u00e0 l&rsquo;ordre.<\/li><\/ul><p>L&rsquo;\u00e9tablissement d&rsquo;un hyperlien n&rsquo;implique en aucun cas l&rsquo;existence d&rsquo;une relation entre le propri\u00e9taire du site Web et le propri\u00e9taire du site Web sur lequel il est \u00e9tabli, ni l&rsquo;acceptation et l&rsquo;approbation par le propri\u00e9taire du site Web de ses contenus ou services. Les personnes qui souhaitent mettre en place un hyperlien doivent pr\u00e9alablement demander l&rsquo;autorisation \u00e9crite du propri\u00e9taire du site. Dans tous les cas, l&rsquo;hyperlien ne permettra d&rsquo;acc\u00e9der qu&rsquo;\u00e0 la page d&rsquo;accueil ou \u00e0 la page d&rsquo;accueil de The Web. <br \/>CFI-2001 SL ne sera pas responsable du contenu des pages web de destination qui sont \u00e9tablies au moyen de liens sur le portail, ni des atteintes aux droits des tiers que ces pages peuvent encourir.<\/p><p><strong>PROPRI\u00c9T\u00c9 INDUSTRIELLE ET INTELLECTUELLE<\/strong><\/p><p>Tous les contenus inclus dans le Portail et en particulier les marques, les noms commerciaux, les dessins industriels, les mod\u00e8les, les textes, les photographies, les graphiques, les logos, les ic\u00f4nes, les logiciels ou tout autre signe susceptible d&rsquo;\u00eatre utilis\u00e9 \u00e0 des fins industrielles et commerciales sont prot\u00e9g\u00e9s par les droits de propri\u00e9t\u00e9 industrielle et intellectuelle de CFI-2001 SL ou de tiers propri\u00e9taires de ces derniers qui ont autoris\u00e9 leur inclusion dans le Portail. Il est donc interdit de les utiliser et\/ou de les reproduire sans le consentement expr\u00e8s de CFI-2001 SL.<br \/>CFI-2001 SL ne sera pas responsable de toute violation des droits de propri\u00e9t\u00e9 intellectuelle ou industrielle de tiers pouvant d\u00e9couler de l&rsquo;inclusion dans le portail de marques, de noms commerciaux, de dessins et mod\u00e8les industriels, de textes, de photographies, de graphiques, de logos, d&rsquo;ic\u00f4nes ou de logiciels appartenant \u00e0 des tiers qui se sont d\u00e9clar\u00e9s propri\u00e9taires de ces derniers au moment de les inclure dans le portail.<br \/>En aucun cas, il ne faut comprendre que l&rsquo;acc\u00e8s et la navigation de l&rsquo;utilisateur impliquent une autorisation ou une renonciation, une transmission, un transfert total ou partiel de ces droits, ni l&rsquo;octroi d&rsquo;un droit ou d&rsquo;une attente de droits et, en particulier, de l&rsquo;alt\u00e9ration, de la transformation, de l&rsquo;exploitation, de la reproduction, de la distribution ou de la communication publique de ces contenus sans l&rsquo;autorisation expresse pr\u00e9alable du propri\u00e9taire du site Web ou des propri\u00e9taires correspondants.<\/p><p><strong>EXCLUSION DES GARANTIES ET DE LA RESPONSABILIT\u00c9<\/strong><\/p><p>Le propri\u00e9taire du site Web exclut, dans la mesure permise par la loi, toute responsabilit\u00e9 pour les dommages de toute nature d\u00e9coulant de :<\/p><ul><li>a) L&rsquo;impossibilit\u00e9 d&rsquo;acc\u00e9der au site web.<\/li><li>b) Le manque de v\u00e9racit\u00e9, d&rsquo;exactitude, d&rsquo;exhaustivit\u00e9 et\/ou d&rsquo;actualit\u00e9 des contenus auxquels on acc\u00e8de \u00e0 travers le Web, ainsi que l&rsquo;existence en eux de vices et de d\u00e9fauts.<\/li><li>c) La pr\u00e9sence de virus ou d&rsquo;autres \u00e9l\u00e9ments dans les contenus qui peuvent provoquer des alt\u00e9rations dans les syst\u00e8mes informatiques, les documents \u00e9lectroniques ou les donn\u00e9es de l&rsquo;utilisateur.<\/li><li>d) Le non-respect de la loi, de la bonne foi, de l&rsquo;ordre public, des usages de la circulation et du pr\u00e9sent avis juridique, en raison d&rsquo;une utilisation incorrecte du site web. En particulier et \u00e0 titre d&rsquo;exemple, le propri\u00e9taire du site n&rsquo;est pas responsable des actions de tiers qui violent les droits de propri\u00e9t\u00e9 intellectuelle et industrielle, les secrets d&rsquo;affaires, les droits \u00e0 l&rsquo;honneur, l&rsquo;intimit\u00e9 personnelle et familiale et l&rsquo;image de soi, ainsi que la r\u00e9glementation sur la concurrence d\u00e9loyale et la publicit\u00e9 ill\u00e9gale.<\/li><li>e) CFI-2001 SL n&rsquo;est pas responsable de l&rsquo;\u00e9tablissement d&rsquo;hyperliens par des tiers. Il d\u00e9cline toute responsabilit\u00e9 pour les informations trouv\u00e9es en dehors de ce site et qui ne sont pas g\u00e9r\u00e9es directement par son webmaster. La fonction des liens qui apparaissent sur le site Web est exclusivement d&rsquo;informer l&rsquo;utilisateur de l&rsquo;existence d&rsquo;autres sources qui pourraient \u00e9largir les contenus offerts. Le propri\u00e9taire de The Web ne garantit pas et n&rsquo;est pas responsable du fonctionnement ou de l&rsquo;acc\u00e8s aux sites li\u00e9s, ni ne sugg\u00e8re, invite ou recommande leur visite, ni ne sera responsable des r\u00e9sultats obtenus.<\/li><\/ul><p><strong>\u00a0<\/strong><\/p><p><strong>PUBLICATIONS<\/strong><\/p><p>Les informations publi\u00e9es ici doivent \u00eatre comprises comme un guide sans valeur juridique et ne remplacent pas la publicit\u00e9 l\u00e9gale des lois, r\u00e8glements, plans, dispositions g\u00e9n\u00e9rales et actes qui doivent \u00eatre formellement publi\u00e9s dans les journaux officiels des Administrations Publiques, qui sont le seul instrument qui atteste de leur authenticit\u00e9 et de leur contenu.<\/p>\t\t\t\t\t\t\t\t<\/div>\n\t\t\t\t<\/div>\n\t\t\t\t\t<\/div>\n\t\t<\/div>\n\t\t\t\t\t<\/div>\n\t\t<\/section>\n\t\t\t\t<\/div>\n\t\t","protected":false},"excerpt":{"rendered":"<p>Avis juridique BUT OBJECTIF ET ACCEPTATION Le pr\u00e9sent avis juridique r\u00e9git l&rsquo;utilisation du site web www.fibosa.com, qui est la propri\u00e9t\u00e9 de CFI-2001 SL. La navigation et l&rsquo;utilisation des services du portail, attribue la condition d&rsquo;utilisateur de ces derniers et implique la pleine acceptation sans r\u00e9serves d&rsquo;aucune sorte, de toutes et chacune des dispositions incluses dans&hellip;&nbsp;<a href=\"https:\/\/www.fibosa.com\/fr\/avis-juridique\/\" class=\"\" rel=\"bookmark\">Lire la suite &raquo;<span class=\"screen-reader-text\">Avis juridique Fibosa \u2013 Termes, Conditions et R\u00e9glementation Juridique.<\/span><\/a><\/p>\n","protected":false},"author":1,"featured_media":0,"parent":0,"menu_order":0,"comment_status":"closed","ping_status":"closed","template":"elementor_header_footer","meta":{"_acf_changed":false,"neve_meta_sidebar":"","neve_meta_container":"","neve_meta_enable_content_width":"off","neve_meta_content_width":100,"neve_meta_title_alignment":"","neve_meta_author_avatar":"","neve_post_elements_order":"","neve_meta_disable_header":"","neve_meta_disable_footer":"","neve_meta_disable_title":"","footnotes":""},"class_list":["post-4178","page","type-page","status-publish","hentry"],"acf":[],"_links":{"self":[{"href":"https:\/\/www.fibosa.com\/fr\/wp-json\/wp\/v2\/pages\/4178","targetHints":{"allow":["GET"]}}],"collection":[{"href":"https:\/\/www.fibosa.com\/fr\/wp-json\/wp\/v2\/pages"}],"about":[{"href":"https:\/\/www.fibosa.com\/fr\/wp-json\/wp\/v2\/types\/page"}],"author":[{"embeddable":true,"href":"https:\/\/www.fibosa.com\/fr\/wp-json\/wp\/v2\/users\/1"}],"replies":[{"embeddable":true,"href":"https:\/\/www.fibosa.com\/fr\/wp-json\/wp\/v2\/comments?post=4178"}],"version-history":[{"count":12,"href":"https:\/\/www.fibosa.com\/fr\/wp-json\/wp\/v2\/pages\/4178\/revisions"}],"predecessor-version":[{"id":12681,"href":"https:\/\/www.fibosa.com\/fr\/wp-json\/wp\/v2\/pages\/4178\/revisions\/12681"}],"wp:attachment":[{"href":"https:\/\/www.fibosa.com\/fr\/wp-json\/wp\/v2\/media?parent=4178"}],"curies":[{"name":"wp","href":"https:\/\/api.w.org\/{rel}","templated":true}]}}