{"id":13746,"date":"2025-09-29T11:19:14","date_gmt":"2025-09-29T09:19:14","guid":{"rendered":"https:\/\/www.fibosa.com\/?page_id=13746"},"modified":"2025-11-04T08:47:05","modified_gmt":"2025-11-04T07:47:05","slug":"production-de-mozzarella","status":"publish","type":"page","link":"https:\/\/www.fibosa.com\/fr\/production-de-mozzarella\/","title":{"rendered":"Production de mozzarella"},"content":{"rendered":"\t\t<div data-elementor-type=\"wp-page\" data-elementor-id=\"13746\" class=\"elementor elementor-13746 elementor-13347\" data-elementor-post-type=\"page\">\n\t\t\t\t\t\t<section data-particle_enable=\"false\" data-particle-mobile-disabled=\"false\" data-dce-background-overlay-color=\"#F2F3F1\" class=\"elementor-section elementor-top-section elementor-element elementor-element-a876d36 elementor-section-full_width elementor-section-height-min-height elementor-section-items-stretch elementor-section-height-default\" data-id=\"a876d36\" data-element_type=\"section\" data-e-type=\"section\">\n\t\t\t\t\t\t\t<div class=\"elementor-background-overlay\"><\/div>\n\t\t\t\t\t\t\t<div class=\"elementor-container elementor-column-gap-default\">\n\t\t\t\t\t<div class=\"elementor-column elementor-col-50 elementor-top-column elementor-element elementor-element-91b17fe\" data-id=\"91b17fe\" data-element_type=\"column\" data-e-type=\"column\">\n\t\t\t<div class=\"elementor-widget-wrap elementor-element-populated\">\n\t\t\t\t\t\t<div class=\"elementor-element elementor-element-d2e17bd elementor-invisible elementor-widget elementor-widget-heading\" data-id=\"d2e17bd\" data-element_type=\"widget\" data-e-type=\"widget\" data-settings=\"{&quot;_animation&quot;:&quot;fadeInUp&quot;}\" data-widget_type=\"heading.default\">\n\t\t\t\t<div class=\"elementor-widget-container\">\n\t\t\t\t\t<h1 class=\"elementor-heading-title elementor-size-default\">Production de mozzarella<\/h1>\t\t\t\t<\/div>\n\t\t\t\t<\/div>\n\t\t\t\t<div class=\"elementor-element elementor-element-1e29cc6 elementor-invisible elementor-widget elementor-widget-text-editor\" data-id=\"1e29cc6\" data-element_type=\"widget\" data-e-type=\"widget\" data-settings=\"{&quot;_animation&quot;:&quot;fadeInUp&quot;}\" data-widget_type=\"text-editor.default\">\n\t\t\t\t<div class=\"elementor-widget-container\">\n\t\t\t\t\t\t\t\t\t<p>Chez FIBOSA, nous proposons une large gamme d&rsquo;\u00e9quipements pour la production de mozzarella, adapt\u00e9s aux besoins de chaque client. Les \u00e9quipements ou lignes de production de fromages \u00e0 p\u00e2te fil\u00e9e n\u00e9cessitent un processus sp\u00e9cifique et des \u00e9quipements adapt\u00e9s qui garantissent la qualit\u00e9 finale du produit.<\/p>\t\t\t\t\t\t\t\t<\/div>\n\t\t\t\t<\/div>\n\t\t\t\t\t<\/div>\n\t\t<\/div>\n\t\t\t\t<div class=\"elementor-column elementor-col-50 elementor-top-column elementor-element elementor-element-1126d08 elementor-invisible\" data-id=\"1126d08\" data-element_type=\"column\" data-e-type=\"column\" data-settings=\"{&quot;background_background&quot;:&quot;classic&quot;,&quot;animation_mobile&quot;:&quot;fadeInUp&quot;,&quot;animation&quot;:&quot;fadeInUp&quot;}\">\n\t\t\t<div class=\"elementor-widget-wrap elementor-element-populated\">\n\t\t\t\t\t\t<div class=\"elementor-element elementor-element-d3d1d80 elementor-arrows-position-inside elementor-pagination-position-outside elementor-widget elementor-widget-image-carousel\" data-id=\"d3d1d80\" data-element_type=\"widget\" data-e-type=\"widget\" data-settings=\"{&quot;slides_to_show&quot;:&quot;1&quot;,&quot;navigation&quot;:&quot;both&quot;,&quot;autoplay&quot;:&quot;yes&quot;,&quot;pause_on_hover&quot;:&quot;yes&quot;,&quot;pause_on_interaction&quot;:&quot;yes&quot;,&quot;autoplay_speed&quot;:5000,&quot;infinite&quot;:&quot;yes&quot;,&quot;effect&quot;:&quot;slide&quot;,&quot;speed&quot;:500}\" data-widget_type=\"image-carousel.default\">\n\t\t\t\t<div class=\"elementor-widget-container\">\n\t\t\t\t\t\t\t<div class=\"elementor-image-carousel-wrapper swiper\" role=\"region\" aria-roledescription=\"carousel\" aria-label=\"Carrusel de im\u00e1genes\" dir=\"ltr\">\n\t\t\t<div class=\"elementor-image-carousel swiper-wrapper swiper-image-stretch\" aria-live=\"off\">\n\t\t\t\t\t\t\t\t<div class=\"swiper-slide\" role=\"group\" aria-roledescription=\"slide\" aria-label=\"1 sur 6\"><figure class=\"swiper-slide-inner\"><img decoding=\"async\" class=\"swiper-slide-image\" src=\"https:\/\/www.fibosa.com\/wp-content\/uploads\/elementor\/thumbs\/FIBOSA_MOZARELLA5-rc9w5ir3wpisk9f0qwszcleon5pmb9mt2x308vx2dc.jpg\" alt=\"FIBOSA_MOZARELLA5\" \/><\/figure><\/div><div class=\"swiper-slide\" role=\"group\" aria-roledescription=\"slide\" aria-label=\"2 sur 6\"><figure class=\"swiper-slide-inner\"><img decoding=\"async\" class=\"swiper-slide-image\" src=\"https:\/\/www.fibosa.com\/wp-content\/uploads\/elementor\/thumbs\/FIBOSA_MOZZARELLA4-rc9w5gvfj1g7x1hr1vzq7lvrgdyvvvfcens1abzups.png\" alt=\"FIBOSA_MOZZARELLA4\" \/><\/figure><\/div><div class=\"swiper-slide\" role=\"group\" aria-roledescription=\"slide\" aria-label=\"3 sur 6\"><figure class=\"swiper-slide-inner\"><img decoding=\"async\" class=\"swiper-slide-image\" src=\"https:\/\/www.fibosa.com\/wp-content\/uploads\/elementor\/thumbs\/FIBOSA_MOZZARELLA3-rc9w5ezr5ddn9tkhcv6h2mcu9m85gh7vqeh2bs2n28.png\" alt=\"FIBOSA_MOZZARELLA3\" \/><\/figure><\/div><div class=\"swiper-slide\" role=\"group\" aria-roledescription=\"slide\" aria-label=\"4 sur 6\"><figure class=\"swiper-slide-inner\"><img decoding=\"async\" class=\"swiper-slide-image\" src=\"https:\/\/www.fibosa.com\/wp-content\/uploads\/elementor\/thumbs\/FIBOSA_MOZZARELLA1-rc9w5c68kv9sazoktbyld52ghgm1tdwoq0ilvy6tkw.png\" alt=\"FIBOSA_MOZZARELLA1\" \/><\/figure><\/div><div class=\"swiper-slide\" role=\"group\" aria-roledescription=\"slide\" aria-label=\"5 sur 6\"><figure class=\"swiper-slide-inner\"><img decoding=\"async\" class=\"swiper-slide-image\" src=\"https:\/\/www.fibosa.com\/wp-content\/uploads\/elementor\/thumbs\/FIBOSA_MOZZARELLA-2-rc9w58evtj4n0ju1fac3360m3x4kylhrdhwnyuce9s.png\" alt=\"FIBOSA_MOZZARELLA 2\" \/><\/figure><\/div><div class=\"swiper-slide\" role=\"group\" aria-roledescription=\"slide\" aria-label=\"6 sur 6\"><figure class=\"swiper-slide-inner\"><img decoding=\"async\" class=\"swiper-slide-image\" src=\"https:\/\/www.fibosa.com\/wp-content\/uploads\/elementor\/thumbs\/enfriado_mozzarella_fibosa-e1758882789601-rcbkd1n1oap716ysxc32l4l2l09b4lk0r646uc3w3k.png\" alt=\"enfriado_mozzarella_fibosa\" \/><\/figure><\/div>\t\t\t<\/div>\n\t\t\t\t\t\t\t\t\t\t\t\t<div class=\"elementor-swiper-button elementor-swiper-button-prev\" role=\"button\" tabindex=\"0\">\n\t\t\t\t\t\t<i aria-hidden=\"true\" class=\"eicon-chevron-left\"><\/i>\t\t\t\t\t<\/div>\n\t\t\t\t\t<div class=\"elementor-swiper-button elementor-swiper-button-next\" role=\"button\" tabindex=\"0\">\n\t\t\t\t\t\t<i aria-hidden=\"true\" class=\"eicon-chevron-right\"><\/i>\t\t\t\t\t<\/div>\n\t\t\t\t\n\t\t\t\t\t\t\t\t\t<div class=\"swiper-pagination\"><\/div>\n\t\t\t\t\t\t\t\t\t<\/div>\n\t\t\t\t\t\t<\/div>\n\t\t\t\t<\/div>\n\t\t\t\t\t<\/div>\n\t\t<\/div>\n\t\t\t\t\t<\/div>\n\t\t<\/section>\n\t\t\t\t<section data-particle_enable=\"false\" data-particle-mobile-disabled=\"false\" class=\"elementor-section elementor-top-section elementor-element elementor-element-a898704 elementor-section-boxed elementor-section-height-default elementor-section-height-default\" data-id=\"a898704\" data-element_type=\"section\" data-e-type=\"section\">\n\t\t\t\t\t\t<div class=\"elementor-container elementor-column-gap-default\">\n\t\t\t\t\t<div class=\"elementor-column elementor-col-100 elementor-top-column elementor-element elementor-element-a9ef59b\" data-id=\"a9ef59b\" data-element_type=\"column\" data-e-type=\"column\">\n\t\t\t<div class=\"elementor-widget-wrap elementor-element-populated\">\n\t\t\t\t\t\t<div data-dce-title-color=\"#593834\" class=\"elementor-element elementor-element-feaff57 elementor-invisible elementor-widget elementor-widget-heading\" data-id=\"feaff57\" data-element_type=\"widget\" data-e-type=\"widget\" data-settings=\"{&quot;_animation&quot;:&quot;fadeInUp&quot;}\" data-widget_type=\"heading.default\">\n\t\t\t\t<div class=\"elementor-widget-container\">\n\t\t\t\t\t<h2 class=\"elementor-heading-title elementor-size-default\">Nos \u00e9quipements<\/h2>\t\t\t\t<\/div>\n\t\t\t\t<\/div>\n\t\t\t\t\t<\/div>\n\t\t<\/div>\n\t\t\t\t\t<\/div>\n\t\t<\/section>\n\t\t\t\t<section data-particle_enable=\"false\" data-particle-mobile-disabled=\"false\" class=\"elementor-section elementor-top-section elementor-element elementor-element-08339cb elementor-section-boxed elementor-section-height-default elementor-section-height-default\" data-id=\"08339cb\" data-element_type=\"section\" data-e-type=\"section\">\n\t\t\t\t\t\t<div class=\"elementor-container elementor-column-gap-default\">\n\t\t\t\t\t<div class=\"elementor-column elementor-col-33 elementor-top-column elementor-element elementor-element-4c0cc73\" data-id=\"4c0cc73\" data-element_type=\"column\" data-e-type=\"column\">\n\t\t\t<div class=\"elementor-widget-wrap elementor-element-populated\">\n\t\t\t\t\t\t<div class=\"elementor-element elementor-element-7cd9eba elementor-widget__width-initial dce_masking-none elementor-widget elementor-widget-image\" data-id=\"7cd9eba\" data-element_type=\"widget\" data-e-type=\"widget\" data-widget_type=\"image.default\">\n\t\t\t\t<div class=\"elementor-widget-container\">\n\t\t\t\t\t\t\t\t\t\t\t\t\t\t\t\t<a href=\"https:\/\/www.fibosa.com\/fr\/maquinas\/fileuse-a-mozzarella\/\">\n\t\t\t\t\t\t\t<img fetchpriority=\"high\" decoding=\"async\" width=\"1024\" height=\"834\" src=\"https:\/\/www.fibosa.com\/wp-content\/uploads\/2025\/09\/hiladora_vapordirecto_mozzarella_fibosa-1024x834.png\" class=\"attachment-large size-large wp-image-13395\" alt=\"\" srcset=\"https:\/\/www.fibosa.com\/wp-content\/uploads\/2025\/09\/hiladora_vapordirecto_mozzarella_fibosa-1024x834.png 1024w, https:\/\/www.fibosa.com\/wp-content\/uploads\/2025\/09\/hiladora_vapordirecto_mozzarella_fibosa-300x244.png 300w, https:\/\/www.fibosa.com\/wp-content\/uploads\/2025\/09\/hiladora_vapordirecto_mozzarella_fibosa-768x626.png 768w, https:\/\/www.fibosa.com\/wp-content\/uploads\/2025\/09\/hiladora_vapordirecto_mozzarella_fibosa.png 1080w\" sizes=\"(max-width: 1024px) 100vw, 1024px\" \/>\t\t\t\t\t\t\t\t<\/a>\n\t\t\t\t\t\t\t\t\t\t\t\t\t\t\t<\/div>\n\t\t\t\t<\/div>\n\t\t\t\t<div data-dce-title-color=\"#593834\" class=\"elementor-element elementor-element-a6a294f elementor-widget elementor-widget-heading\" data-id=\"a6a294f\" data-element_type=\"widget\" data-e-type=\"widget\" data-widget_type=\"heading.default\">\n\t\t\t\t<div class=\"elementor-widget-container\">\n\t\t\t\t\t<h2 class=\"elementor-heading-title elementor-size-default\"><a href=\"https:\/\/www.fibosa.com\/fr\/maquinas\/fileuse-a-mozzarella\/\">Fileuse \u00e0 mozzarella<\/a><\/h2>\t\t\t\t<\/div>\n\t\t\t\t<\/div>\n\t\t\t\t\t<\/div>\n\t\t<\/div>\n\t\t\t\t<div class=\"elementor-column elementor-col-33 elementor-top-column elementor-element elementor-element-cab1168\" data-id=\"cab1168\" data-element_type=\"column\" data-e-type=\"column\">\n\t\t\t<div class=\"elementor-widget-wrap elementor-element-populated\">\n\t\t\t\t\t\t<div class=\"elementor-element elementor-element-6f2033d elementor-widget__width-initial dce_masking-none elementor-widget elementor-widget-image\" data-id=\"6f2033d\" data-element_type=\"widget\" data-e-type=\"widget\" data-widget_type=\"image.default\">\n\t\t\t\t<div class=\"elementor-widget-container\">\n\t\t\t\t\t\t\t\t\t\t\t\t\t\t\t\t<a href=\"https:\/\/www.fibosa.com\/fr\/maquinas\/mouleur-a-mozzarella\/\">\n\t\t\t\t\t\t\t<img decoding=\"async\" width=\"1024\" height=\"834\" src=\"https:\/\/www.fibosa.com\/wp-content\/uploads\/2025\/09\/formadora_barras_mozzarella_fibosa-1024x834.png\" class=\"attachment-large size-large wp-image-13409\" alt=\"\" srcset=\"https:\/\/www.fibosa.com\/wp-content\/uploads\/2025\/09\/formadora_barras_mozzarella_fibosa-1024x834.png 1024w, https:\/\/www.fibosa.com\/wp-content\/uploads\/2025\/09\/formadora_barras_mozzarella_fibosa-300x244.png 300w, https:\/\/www.fibosa.com\/wp-content\/uploads\/2025\/09\/formadora_barras_mozzarella_fibosa-768x626.png 768w, https:\/\/www.fibosa.com\/wp-content\/uploads\/2025\/09\/formadora_barras_mozzarella_fibosa.png 1080w\" sizes=\"(max-width: 1024px) 100vw, 1024px\" \/>\t\t\t\t\t\t\t\t<\/a>\n\t\t\t\t\t\t\t\t\t\t\t\t\t\t\t<\/div>\n\t\t\t\t<\/div>\n\t\t\t\t<div data-dce-title-color=\"#593834\" class=\"elementor-element elementor-element-0f01bb4 elementor-widget elementor-widget-heading\" data-id=\"0f01bb4\" data-element_type=\"widget\" data-e-type=\"widget\" data-widget_type=\"heading.default\">\n\t\t\t\t<div class=\"elementor-widget-container\">\n\t\t\t\t\t<h2 class=\"elementor-heading-title elementor-size-default\"><a href=\"https:\/\/www.fibosa.com\/fr\/maquinas\/mouleur-a-mozzarella\/\">Mouleur \u00e0 mozzarella<\/a><\/h2>\t\t\t\t<\/div>\n\t\t\t\t<\/div>\n\t\t\t\t\t<\/div>\n\t\t<\/div>\n\t\t\t\t<div class=\"elementor-column elementor-col-33 elementor-top-column elementor-element elementor-element-3848994\" data-id=\"3848994\" data-element_type=\"column\" data-e-type=\"column\">\n\t\t\t<div class=\"elementor-widget-wrap elementor-element-populated\">\n\t\t\t\t\t\t<div class=\"elementor-element elementor-element-8859d1e elementor-widget__width-initial dce_masking-none elementor-widget elementor-widget-image\" data-id=\"8859d1e\" data-element_type=\"widget\" data-e-type=\"widget\" data-widget_type=\"image.default\">\n\t\t\t\t<div class=\"elementor-widget-container\">\n\t\t\t\t\t\t\t\t\t\t\t\t\t\t\t\t<a href=\"https:\/\/www.fibosa.com\/fr\/maquinas\/refroidissement-et-salage\/\">\n\t\t\t\t\t\t\t<img decoding=\"async\" width=\"723\" height=\"785\" src=\"https:\/\/www.fibosa.com\/wp-content\/uploads\/2025\/09\/enfriado_mozzarella_fibosa-1.png\" class=\"attachment-large size-large wp-image-13508\" alt=\"\" srcset=\"https:\/\/www.fibosa.com\/wp-content\/uploads\/2025\/09\/enfriado_mozzarella_fibosa-1.png 723w, https:\/\/www.fibosa.com\/wp-content\/uploads\/2025\/09\/enfriado_mozzarella_fibosa-1-276x300.png 276w\" sizes=\"(max-width: 723px) 100vw, 723px\" \/>\t\t\t\t\t\t\t\t<\/a>\n\t\t\t\t\t\t\t\t\t\t\t\t\t\t\t<\/div>\n\t\t\t\t<\/div>\n\t\t\t\t<div data-dce-title-color=\"#593834\" class=\"elementor-element elementor-element-118a554 elementor-widget elementor-widget-heading\" data-id=\"118a554\" data-element_type=\"widget\" data-e-type=\"widget\" data-widget_type=\"heading.default\">\n\t\t\t\t<div class=\"elementor-widget-container\">\n\t\t\t\t\t<h2 class=\"elementor-heading-title elementor-size-default\"><a href=\"https:\/\/www.fibosa.com\/fr\/maquinas\/refroidissement-et-salage\/\">Refroidissement et salage<\/a><\/h2>\t\t\t\t<\/div>\n\t\t\t\t<\/div>\n\t\t\t\t\t<\/div>\n\t\t<\/div>\n\t\t\t\t\t<\/div>\n\t\t<\/section>\n\t\t\t\t<\/div>\n\t\t","protected":false},"excerpt":{"rendered":"<p>Production de mozzarella Chez FIBOSA, nous proposons une large gamme d&rsquo;\u00e9quipements pour la production de mozzarella, adapt\u00e9s aux besoins de chaque client. Les \u00e9quipements ou lignes de production de fromages \u00e0 p\u00e2te fil\u00e9e n\u00e9cessitent un processus sp\u00e9cifique et des \u00e9quipements adapt\u00e9s qui garantissent la qualit\u00e9 finale du produit. Nos \u00e9quipements Fileuse \u00e0 mozzarella Mouleur \u00e0&hellip;&nbsp;<a href=\"https:\/\/www.fibosa.com\/fr\/production-de-mozzarella\/\" class=\"\" rel=\"bookmark\">Lire la suite &raquo;<span class=\"screen-reader-text\">Production de mozzarella<\/span><\/a><\/p>\n","protected":false},"author":2,"featured_media":0,"parent":0,"menu_order":0,"comment_status":"closed","ping_status":"closed","template":"","meta":{"_acf_changed":false,"neve_meta_sidebar":"","neve_meta_container":"","neve_meta_enable_content_width":"off","neve_meta_content_width":100,"neve_meta_title_alignment":"","neve_meta_author_avatar":"","neve_post_elements_order":"","neve_meta_disable_header":"","neve_meta_disable_footer":"","neve_meta_disable_title":"","footnotes":""},"class_list":["post-13746","page","type-page","status-publish","hentry"],"acf":[],"_links":{"self":[{"href":"https:\/\/www.fibosa.com\/fr\/wp-json\/wp\/v2\/pages\/13746","targetHints":{"allow":["GET"]}}],"collection":[{"href":"https:\/\/www.fibosa.com\/fr\/wp-json\/wp\/v2\/pages"}],"about":[{"href":"https:\/\/www.fibosa.com\/fr\/wp-json\/wp\/v2\/types\/page"}],"author":[{"embeddable":true,"href":"https:\/\/www.fibosa.com\/fr\/wp-json\/wp\/v2\/users\/2"}],"replies":[{"embeddable":true,"href":"https:\/\/www.fibosa.com\/fr\/wp-json\/wp\/v2\/comments?post=13746"}],"version-history":[{"count":15,"href":"https:\/\/www.fibosa.com\/fr\/wp-json\/wp\/v2\/pages\/13746\/revisions"}],"predecessor-version":[{"id":14311,"href":"https:\/\/www.fibosa.com\/fr\/wp-json\/wp\/v2\/pages\/13746\/revisions\/14311"}],"wp:attachment":[{"href":"https:\/\/www.fibosa.com\/fr\/wp-json\/wp\/v2\/media?parent=13746"}],"curies":[{"name":"wp","href":"https:\/\/api.w.org\/{rel}","templated":true}]}}