{"id":11145,"date":"2021-04-21T08:42:48","date_gmt":"2021-04-21T06:42:48","guid":{"rendered":"https:\/\/www.fibosa.com\/avis-legal\/"},"modified":"2025-03-26T18:18:48","modified_gmt":"2025-03-26T17:18:48","slug":"avis-legal","status":"publish","type":"page","link":"https:\/\/www.fibosa.com\/ca\/avis-legal\/","title":{"rendered":"Av\u00eds Legal Fibosa \u2013 Termes, Condicions i Normativa Legal."},"content":{"rendered":"\t\t<div data-elementor-type=\"wp-page\" data-elementor-id=\"11145\" class=\"elementor elementor-11145 elementor-56\" data-elementor-post-type=\"page\">\n\t\t\t\t\t\t<section data-particle_enable=\"false\" data-particle-mobile-disabled=\"false\" class=\"elementor-section elementor-top-section elementor-element elementor-element-55d8907 elementor-section-boxed elementor-section-height-default elementor-section-height-default\" data-id=\"55d8907\" data-element_type=\"section\" data-e-type=\"section\">\n\t\t\t\t\t\t<div class=\"elementor-container elementor-column-gap-default\">\n\t\t\t\t\t<div class=\"elementor-column elementor-col-100 elementor-top-column elementor-element elementor-element-ef7b029\" data-id=\"ef7b029\" data-element_type=\"column\" data-e-type=\"column\">\n\t\t\t<div class=\"elementor-widget-wrap elementor-element-populated\">\n\t\t\t\t\t\t<div class=\"elementor-element elementor-element-4d1792f elementor-widget elementor-widget-heading\" data-id=\"4d1792f\" data-element_type=\"widget\" data-e-type=\"widget\" data-widget_type=\"heading.default\">\n\t\t\t\t<div class=\"elementor-widget-container\">\n\t\t\t\t\t<h1 class=\"elementor-heading-title elementor-size-default\">Av\u00eds Legal<\/h1>\t\t\t\t<\/div>\n\t\t\t\t<\/div>\n\t\t\t\t<div class=\"elementor-element elementor-element-f20cf40 elementor-widget elementor-widget-text-editor\" data-id=\"f20cf40\" data-element_type=\"widget\" data-e-type=\"widget\" data-widget_type=\"text-editor.default\">\n\t\t\t\t<div class=\"elementor-widget-container\">\n\t\t\t\t\t\t\t\t\t<p><strong>OBJECTE I ACCEPTACI\u00d3<\/strong><\/p><p>El present av\u00eds legal regula l&#8217;\u00fas de la web www.fibosa.com, que \u00e9s de titularitat de CFI-2001 SL.<br \/>La navegaci\u00f3 i la utilitzaci\u00f3 dels serveis del portal, atribueix la condici\u00f3 d&#8217;usuari del mateix i suposa l&#8217;acceptaci\u00f3 plena i sense reserves de cap mena, de totes i cadascuna de les disposicions incloses en aquest Av\u00eds Legal.<br \/>CFI-2001 SL podr\u00e0 en tot moment i sense previ av\u00eds modificar les presents disposicions, mitjan\u00e7ant la seva publicaci\u00f3 en el Portal a fi que siguin conegudes amb car\u00e0cter previ pels usuaris.<br \/>L&#8217;usuari est\u00e0 obligat a fer un \u00fas correcte de La Web conforme a la llei, la bona fe, l&#8217;ordre p\u00fablic, els usos del tr\u00e0nsit i el present Av\u00eds Legal i respondr\u00e0 enfront del propietari de La Web o davant tercers pels danys i perjudicis que puguin sorgir a conseq\u00fc\u00e8ncia de l&#8217;incompliment d&#8217;aquesta obligaci\u00f3.<\/p><p><strong>IDENTIFICACI\u00d3 I COMUNICACIONS<\/strong><\/p><p>El propietari de La Web en compliment de llei 34\/2002, d&#8217;11 de juliol, de Serveis de la Societat de la Informaci\u00f3 i Comer\u00e7 Electr\u00f2nic (LSSICE), l&#8217;informa que:<br \/>La seva denominaci\u00f3 social \u00e9s: CFI-2001 SL<br \/>El seu nom comercial \u00e9s: FIBOSA<br \/>El seu CIF \u00e9s: B17701194<br \/>El seu domicili social es troba en: Av. Mes Pins, s\/n, 17457, Riudellots de la Selva (Girona)<br \/>Per a comunicar-se amb nosaltres, posem a la seva disposici\u00f3 diversos mitjans de contacte que es detallen a continuaci\u00f3:<br \/>Tel\u00e8fon: (+34) 972 47 80 80<br \/>Correu electr\u00f2nic: info@fibosa.com<br \/>Totes les notificacions i comunicacions entre els usuaris i el propietari de La Web es consideraran eficaces, amb car\u00e0cter general, quan es duguin a terme a trav\u00e9s de correu postal o qualsevol altre mitj\u00e0 detallat anteriorment.<\/p><p><strong>CONDICIONS D&#8217;ACC\u00c9S I \u00daS<\/strong><\/p><p>La Web i els seus serveis s\u00f3n d&#8217;acc\u00e9s lliure i gratu\u00eft, no obstant aix\u00f2, el propietari de La Web pot condicionar l&#8217;\u00fas d&#8217;alguns dels serveis oferts en el seu lloc web al previ emplenament del corresponent formulari, pr\u00e8via lectura i acceptaci\u00f3 \u00edntegra, expressa i sense reserves del present Av\u00eds Legal i de la Pol\u00edtica de Privacitat.<br \/>L&#8217;usuari garanteix l&#8217;autenticitat i actualitat de totes les dades que comuniqui al propietari de La Web i ser\u00e0 \u00fanic responsable de les manifestacions falses o inexactes que dugui a terme.<br \/>Si l&#8217;usuari no estigu\u00e9s d&#8217;acord amb les condicions d&#8217;\u00fas, haur\u00e0 d&#8217;abstenir-se d&#8217;utilitzar aquest portal i operar per mitj\u00e0 d&#8217;aquest.<br \/>L&#8217;usuari es compromet a fer un \u00fas diligent, correcte i l\u00edcit dels continguts i serveis del Portal i a no utilitzar-los per a, entre altres:<\/p><ul><li>a) Difusi\u00f3 de continguts delictius, violents, pornogr\u00e0fics, racistes, xen\u00f2fobs, ofensius, d&#8217;apologia del terrorisme o, en general, contraris a la llei, a la moral i als bons costums o a l&#8217;ordre p\u00fablic.<\/li><li>b) Introduir en les xarxa virus inform\u00e0tics o realitzar actuacions susceptibles d&#8217;alterar, danyar, interrompre o generar errors o danys en els sistemes f\u00edsics i l\u00f2gics del propietari de La Web o de tercers, aix\u00ed com obstaculitzar l&#8217;acc\u00e9s d&#8217;altres usuaris a la Web i als seus serveis mitjan\u00e7ant el consum massiu dels recursos inform\u00e0tics a trav\u00e9s dels quals el propietari de La Web presta els seus serveis.<\/li><li>c) La recollida i\/o utilitzaci\u00f3 de dades personals d&#8217;altres usuaris sense el seu consentiment expr\u00e9s o contravenint el que es disposa en la normativa vigent en mat\u00e8ria de protecci\u00f3 de dades.<\/li><li>d) Vulnerar els drets de propietat intel\u00b7lectual o industrial, aix\u00ed com violar la confidencialitat de la informaci\u00f3 del propietari de La Web o tercers.<\/li><li>e) Suplantar la identitat d&#8217;un altre usuari, de les administracions p\u00fabliques o d&#8217;un tercer.<\/li><li>f) Queda prohibit, qualsevol acte de transmissi\u00f3, distribuci\u00f3 cessi\u00f3, modificaci\u00f3, reproducci\u00f3, emmagatzematge o comunicaci\u00f3 p\u00fablica total o parcial dels continguts de La Web que no hagi estat experessament autoritzada pel titular dels drets d&#8217;explotaci\u00f3 o resulti legalment perm\u00e8s.<\/li><li>g) La utilitzaci\u00f3 del servidor de correu del domini i de les adreces de correu electr\u00f2nic per al envio de correu massiu no autoritzat.<\/li><li>h) L&#8217;usuari haur\u00e0 d&#8217;abstenir-se de realitzar manifestacions o indicacions falses, inexactes o incorrectes sobre el propietari de La Web o incloure continguts il\u00b7l\u00edcits contraris als bons usos i l&#8217;ordre.<\/li><\/ul><p>L&#8217;establiment d&#8217;un enlla\u00e7 no implica en cap cas, l&#8217;exist\u00e8ncia de relacions entre el propietari de La Web i el propietari de la p\u00e0gina web en la qual s&#8217;estableixi, ni l&#8217;acceptaci\u00f3 i aprovaci\u00f3 per part del propietari de La Web dels seus continguts o serveis. Aquells que vulguin establir un enlla\u00e7, pr\u00e8viament hauran de sol\u00b7licitar autoritzaci\u00f3 per escrit al propietari de La Web. En qualsevol cas, l&#8217;enlla\u00e7 nom\u00e9s permetr\u00e0 l&#8217;acc\u00e9s a la homepage o p\u00e0gina d&#8217;inici de La Web.<br \/>CFI-2001 SL no ser\u00e0 responsable del contingut de les p\u00e0gines web de dest\u00ed que s&#8217;estableixin mitjan\u00e7ant vincles en el Portal ni tampoc de les infraccions de drets de tercers en les quals aquestes p\u00e0gines poguessin inc\u00f3rrer.<\/p><p><strong>PROPIETAT INDUSTRIAL I INTEL\u00b7LECTUAL<\/strong><\/p><p>Tots els continguts inclosos en el Portal i en particular les marques, noms comercials, dissenys industrials, dissenys, textos, fotografies, gr\u00e0fics, logotips, icones, programari o qualssevol altres signes susceptibles d&#8217;utilitzaci\u00f3 industrial i comercial estan protegits per drets de propietat industrial i intel\u00b7lectual de CFI-2001 SL o de tercers titulars dels mateixos que han autoritzat la seva inclusi\u00f3 en el Portal. Queda per tant prohibida qualsevol utilitzaci\u00f3 i\/o reproducci\u00f3 dels mateixos sense consentiment expr\u00e9s de CFI-2001 SL.<br \/>CFI-2001 SL no ser\u00e0 responsable de la infracci\u00f3 dels drets de propietat intel\u00b7lectual o industrial de tercers que poguessin derivar-se de la inclusi\u00f3 en el Portal de marques, noms comercials, dissenys industrials, dissenys, textos, fotografies, gr\u00e0fics, logotips, icones o programari pertanyent a tercers que hagin declarat ser titulars dels mateixos en incloure&#8217;ls en el Portal.<br \/>En cap cas s&#8217;entendr\u00e0 que l&#8217;acc\u00e9s i la navegaci\u00f3 de l&#8217;Usuari implica una autoritzaci\u00f3 o que s&#8217;efectua ren\u00fancia, transmissi\u00f3, cessi\u00f3 total o parcial d&#8217;aquests drets ni la concessi\u00f3 de cap dret ni expectativa de dret i en concret, de l&#8217;alteraci\u00f3, transformaci\u00f3, explotaci\u00f3, reproducci\u00f3, distribuci\u00f3 o comunicaci\u00f3 p\u00fablica sobre aquests continguts sense la pr\u00e8via autoritzaci\u00f3 expressa del propietari de La Web o dels titulars corresponents.<\/p><p><strong>EXCLUSI\u00d3 DE GARANTIES I RESPONSABILITAT<\/strong><\/p><p>El propietari de La Web exclou, fins on li permet l&#8217;ordenament jur\u00eddic, qualsevol responsabilitat per danys i perjudicis de qualsevol naturalesa derivats de:<\/p><ul><li>a) La impossibilitat d&#8217;acc\u00e9s a la Web.<\/li><li>b) La falta de veracitat, exactitud, exhaustivitat i\/o actualitat dels continguts als quals s&#8217;hagi accedit a trav\u00e9s de La Web, aix\u00ed com l&#8217;exist\u00e8ncia en els mateixos de vicis i defectes.<\/li><li>c) La pres\u00e8ncia de virus o altres elements en els continguts que puguin produir alteracions en els sistemes inform\u00e0tics, documents electr\u00f2nics o dades de l&#8217;usuari.<\/li><li>d) L&#8217;incompliment de la lleis, la bona fe, l&#8217;ordre p\u00fablic, els usos del tr\u00e0nsit i el present Av\u00eds Legal, com a resultat de l&#8217;\u00fas incorrecte del lloc web. En particular i a tall d&#8217;exemple, el propietari de La Web no es fa responsable de les actuacions de tercers que vulnerin drets de propietat intel\u00b7lectual i industrial, secrets empresarials, drets a l&#8217;honor, a la intimitat personal i familiar i a la pr\u00f2pia imatge, aix\u00ed com la normativa sobre compet\u00e8ncia deslleial i publicitat il\u00b7l\u00edcita.<\/li><li>e) CFI-2001 SL no \u00e9s responsable de l&#8217;establiment de hipervincles per part de tercers. Declina qualsevol responsabilitat respecte a la informaci\u00f3 que es trobi fora d&#8217;aquest lloc web i no sigui gestionada directament pel seu webmaster. La funci\u00f3 dels enlla\u00e7os que apareixen en La Web \u00e9s exclusivament la d&#8217;informar l&#8217;usuari sobre l&#8217;exist\u00e8ncia d&#8217;altres fonts que podrien ampliar els continguts oferts. El propietari de La Web no garanteix ni \u00e9s responsable del funcionament o de l&#8217;acc\u00e9s als llocs enlla\u00e7ats, ni suggereix, convida o recomana la visita a aquests, per la qual cosa tampoc ser\u00e0 responsable dels resultats obtinguts.<\/li><\/ul><p><strong>PUBLICACIONS<\/strong><\/p><p>La informaci\u00f3 aqu\u00ed publicada ha d&#8217;entendre&#8217;s com una guia sense prop\u00f2sit de validesa legal i no substitueix la publicitat legal de les lleis, normatives, plans, disposicions generals i actes que han d&#8217;estar formalment publicats en els butlletins oficials de les Administracions P\u00fabliques i que s\u00f3n l&#8217;\u00fanic instrument que dona fe de la seva autenticitat i contingut.<\/p>\t\t\t\t\t\t\t\t<\/div>\n\t\t\t\t<\/div>\n\t\t\t\t\t<\/div>\n\t\t<\/div>\n\t\t\t\t\t<\/div>\n\t\t<\/section>\n\t\t\t\t<\/div>\n\t\t","protected":false},"excerpt":{"rendered":"<p>Av\u00eds Legal OBJECTE I ACCEPTACI\u00d3 El present av\u00eds legal regula l&#8217;\u00fas de la web www.fibosa.com, que \u00e9s de titularitat de CFI-2001 SL. La navegaci\u00f3 i la utilitzaci\u00f3 dels serveis del portal, atribueix la condici\u00f3 d&#8217;usuari del mateix i suposa l&#8217;acceptaci\u00f3 plena i sense reserves de cap mena, de totes i cadascuna de les disposicions incloses&hellip;&nbsp;<a href=\"https:\/\/www.fibosa.com\/ca\/avis-legal\/\" class=\"\" rel=\"bookmark\">Read More &raquo;<span class=\"screen-reader-text\">Av\u00eds Legal Fibosa \u2013 Termes, Condicions i Normativa Legal.<\/span><\/a><\/p>\n","protected":false},"author":1,"featured_media":0,"parent":0,"menu_order":0,"comment_status":"closed","ping_status":"closed","template":"elementor_header_footer","meta":{"_acf_changed":false,"neve_meta_sidebar":"","neve_meta_container":"","neve_meta_enable_content_width":"off","neve_meta_content_width":100,"neve_meta_title_alignment":"","neve_meta_author_avatar":"","neve_post_elements_order":"","neve_meta_disable_header":"","neve_meta_disable_footer":"","neve_meta_disable_title":"","footnotes":""},"class_list":["post-11145","page","type-page","status-publish","hentry"],"acf":[],"_links":{"self":[{"href":"https:\/\/www.fibosa.com\/ca\/wp-json\/wp\/v2\/pages\/11145","targetHints":{"allow":["GET"]}}],"collection":[{"href":"https:\/\/www.fibosa.com\/ca\/wp-json\/wp\/v2\/pages"}],"about":[{"href":"https:\/\/www.fibosa.com\/ca\/wp-json\/wp\/v2\/types\/page"}],"author":[{"embeddable":true,"href":"https:\/\/www.fibosa.com\/ca\/wp-json\/wp\/v2\/users\/1"}],"replies":[{"embeddable":true,"href":"https:\/\/www.fibosa.com\/ca\/wp-json\/wp\/v2\/comments?post=11145"}],"version-history":[{"count":10,"href":"https:\/\/www.fibosa.com\/ca\/wp-json\/wp\/v2\/pages\/11145\/revisions"}],"predecessor-version":[{"id":12679,"href":"https:\/\/www.fibosa.com\/ca\/wp-json\/wp\/v2\/pages\/11145\/revisions\/12679"}],"wp:attachment":[{"href":"https:\/\/www.fibosa.com\/ca\/wp-json\/wp\/v2\/media?parent=11145"}],"curies":[{"name":"wp","href":"https:\/\/api.w.org\/{rel}","templated":true}]}}